{"id":970,"date":"2012-02-10T12:15:38","date_gmt":"2012-02-10T11:15:38","guid":{"rendered":"http:\/\/wp10473852.wp223.webpack.hosteurope.de\/index.php\/"},"modified":"2015-05-07T19:55:26","modified_gmt":"2015-05-07T17:55:26","slug":"mogliche-anwendung","status":"publish","type":"page","link":"https:\/\/www.gisela-weigand.de\/index.php\/leistungsspektrum\/stimmeauftrittsprasenz\/mogliche-anwendung\/","title":{"rendered":"M\u00f6gliche Anwendung"},"content":{"rendered":"<p><strong>Sie finden hier Anregung, Ruhe und Zeit f\u00fcr individuelle Entwicklung einer vielschichtigen Klang und K\u00f6rpersprache.<\/strong> <strong>Eingeladen sind Neugierige aus allen Bereichen: Sprech- und singfreudige Profis und Laien, Berufsheisere, Redenschwinger und wer auch immer sich nach Lebendigkeit sehnt!<\/strong><\/p>\n<h3><strong><img loading=\"lazy\" decoding=\"async\" width=\"420\" height=\"190\" class=\"alignnone size-full wp-image-2583\" title=\"Klangf\u00fclle und nat\u00fcrliche Pr\u00e4senz mit angewandter Stimmphysiologie\" src=\"https:\/\/www.gisela-weigand.de\/wp-content\/uploads\/2012\/02\/singen.jpg\" alt=\"\" srcset=\"https:\/\/www.gisela-weigand.de\/wp-content\/uploads\/2012\/02\/singen.jpg 420w, https:\/\/www.gisela-weigand.de\/wp-content\/uploads\/2012\/02\/singen-300x135.jpg 300w\" sizes=\"auto, (max-width: 420px) 100vw, 420px\" \/><\/strong>Was Sie suchen, entdecken oder erwecken k\u00f6nnen?<\/h3>\n<ul>\n<li>Ihrer inneren Stimme zu trauen und sich selbst (zu)zuh\u00f6ren<\/li>\n<li>sich selbst wach zu sp\u00fcren und zu erleben<\/li>\n<li>eine Optimierung der Konzentration<\/li>\n<li>Ihre K\u00f6rperresonanz zu entwickeln<\/li>\n<li>Sicherheit, Freiheit und \u00dcberzeugungskraft in Ihren Pr\u00e4sentationen<\/li>\n<li>geh\u00f6rt und wahrgenommen zu werden<\/li>\n<li>auch mal &#8222;nein&#8220; sagen k\u00f6nnen<\/li>\n<li>Orte des menschlichen Gleichklanges zu ersp\u00fcren<\/li>\n<li>besser zuh\u00f6ren k\u00f6nnen, andere neu oder auch h\u00f6ren<\/li>\n<li>Pausen zuzulassen und kreativ zu nutzen<\/li>\n<li>schonend und langlebig mit Ihrer Sprech- und Singstimme umzugehen<\/li>\n<li>sinngebende und fesselnde Worte auftauchen zu lassen<\/li>\n<li>sich singend zu lauschen, obwohl Sie dachten nicht singen zu k\u00f6nnen<\/li>\n<li>laut reden k\u00f6nnen und Klangf\u00fclle, ohne heiser zu werden<\/li>\n<li>dass Singen und Sprechen um so leichter geht, je weniger wir tun und sein wollen<\/li>\n<li>Ihre Lieblingslieder<\/li>\n<\/ul>\n<h3>Sie empfangen<\/h3>\n<ul>\n<li>eine druckfreie und farbenreiche Stimmgebung<\/li>\n<li>klare Vokale beim Singen und Sprechen<\/li>\n<li>Zusammenspiel zwischen K\u00f6rperbalance, Bewegung, Atmung, Geh\u00f6r, Klangfarbe und Stimmvolumen<\/li>\n<li>l\u00f6sen von \u00fcberfl\u00fcssiger Anstrengung und Erweitern von Atemr\u00e4umen<\/li>\n<li>einen gr\u00f6\u00dferen Stimmumfang und eine leichtere H\u00f6he beim Singen<\/li>\n<li>Melodiefluss und klare Strukturierung in der Rede<\/li>\n<li>authentische und spontane Kommunikation und Gestik<\/li>\n<li>selbstst\u00e4rkender Umgang im Alltag und auf der B\u00fchne<\/li>\n<li>mehr Sicherheit und Freiheit beim Auftritt vor gro\u00dfen Gruppen<\/li>\n<li>ein besseres Selbstvertrauen in die eigene Stimmf\u00e4higkeit<\/li>\n<li>innere und \u00e4u\u00dfere Aufrichtung und einen klaren Kopf<\/li>\n<li>einen tragf\u00e4higeren Klang<\/li>\n<\/ul>\n<h3>Selbswirksame Unterst\u00fctzung bei stimmlichen Ph\u00e4nomenen<\/h3>\n<p>Heiserkeit, Stress, schnelle Erm\u00fcdung, Stimmausfall, Sprachhemmungen (z.B. MigrantInnen), Tinnitus, Druckgef\u00fchl im Kehlkopf, zu laute\/zu leise Stimme, Kiefer- oder Zungenfestigkeit, Trockenheit, kindliche Stimme, \u00e4ngstliche Stimme, Atemnot, schnell Sprechen, Stottern, Nuscheln, Sprechen in Gro\u00dfraumb\u00fcros, vor gro\u00dfem Publikum, am Handy, am Mikrophon etc.<\/p>\n<h3>Unterst\u00fctzung spezifisch f\u00fcr S\u00e4nger\/-innen<\/h3>\n<p>u.a. bei starkem Vibrato, wilder Luft, Luftmangel, Tonh\u00f6henschwankungen, unklaren  Koleraturen, wenig tragf\u00e4higer Stimme, Auftrittsangst, Tonh\u00f6hen schlecht  h\u00f6ren\/treffen, unbeweglicher Stimme, \u00dcberanstrengung, Br\u00fcchen zwischen den Registern, Fehlen zarter Farben und Kl\u00e4nge<\/p>\n<p>Lesen Sie mehr zu Stimme, Gesang und Pr\u00e4senz unter &#8222;funktionaler Stimmbildung&#8220; <a href=\"https:\/\/www.gisela-weigand.de\/index.php\/methoden\/lichtenberger-methode\/\" target=\"_self\">Lichtenberger\u00ae Methode<\/a><\/p>","protected":false},"excerpt":{"rendered":"<p>Sie finden hier Anregung, Ruhe und Zeit f\u00fcr individuelle Entwicklung einer vielschichtigen Klang und K\u00f6rpersprache. Eingeladen sind Neugierige aus allen Bereichen: Sprech- und singfreudige Profis und Laien, Berufsheisere, Redenschwinger und wer auch immer sich nach Lebendigkeit sehnt! Was Sie suchen, entdecken oder erwecken k\u00f6nnen? Ihrer inneren Stimme zu trauen und sich selbst (zu)zuh\u00f6ren sich selbst [&hellip;]<\/p>\n","protected":false},"author":2,"featured_media":0,"parent":182,"menu_order":0,"comment_status":"open","ping_status":"open","template":"","meta":{"footnotes":""},"class_list":["post-970","page","type-page","status-publish","hentry"],"wps_subtitle":"Gewinnende Stimme und nat\u00fcrliche Pr\u00e4senz","_links":{"self":[{"href":"https:\/\/www.gisela-weigand.de\/index.php\/wp-json\/wp\/v2\/pages\/970","targetHints":{"allow":["GET"]}}],"collection":[{"href":"https:\/\/www.gisela-weigand.de\/index.php\/wp-json\/wp\/v2\/pages"}],"about":[{"href":"https:\/\/www.gisela-weigand.de\/index.php\/wp-json\/wp\/v2\/types\/page"}],"author":[{"embeddable":true,"href":"https:\/\/www.gisela-weigand.de\/index.php\/wp-json\/wp\/v2\/users\/2"}],"replies":[{"embeddable":true,"href":"https:\/\/www.gisela-weigand.de\/index.php\/wp-json\/wp\/v2\/comments?post=970"}],"version-history":[{"count":116,"href":"https:\/\/www.gisela-weigand.de\/index.php\/wp-json\/wp\/v2\/pages\/970\/revisions"}],"predecessor-version":[{"id":5703,"href":"https:\/\/www.gisela-weigand.de\/index.php\/wp-json\/wp\/v2\/pages\/970\/revisions\/5703"}],"up":[{"embeddable":true,"href":"https:\/\/www.gisela-weigand.de\/index.php\/wp-json\/wp\/v2\/pages\/182"}],"wp:attachment":[{"href":"https:\/\/www.gisela-weigand.de\/index.php\/wp-json\/wp\/v2\/media?parent=970"}],"curies":[{"name":"wp","href":"https:\/\/api.w.org\/{rel}","templated":true}]}}