{"id":485,"date":"2011-09-21T16:30:53","date_gmt":"2011-09-21T14:30:53","guid":{"rendered":"http:\/\/wp10473852.wp223.webpack.hosteurope.de\/index.php\/"},"modified":"2025-11-04T20:12:16","modified_gmt":"2025-11-04T19:12:16","slug":"firmen","status":"publish","type":"page","link":"https:\/\/www.gisela-weigand.de\/index.php\/terminangebot\/firmen\/","title":{"rendered":"Firmen"},"content":{"rendered":"<p><strong>Firmen und Betriebe finden in dieser Kombination senso-motorischer, darstellerischer und imaginativer Methoden, optimale M\u00f6glichkeiten gesund zu wachsen und ihre Effektivit\u00e4t zu steigern<\/strong>.<strong> Seminarwochen, Wochenenden, Tagesseminare und Einzelstunden stehen f\u00fcr Ihre Mitarbeiter\/innen und <\/strong><strong>F\u00fchrungskr\u00e4fte flexibel kombinierbar zur Wahl.<br \/>\n<\/strong><\/p>\n<h3><strong><img loading=\"lazy\" decoding=\"async\" width=\"420\" height=\"190\" class=\"alignnone size-full wp-image-2537\" title=\"Potentialsteigerung f\u00fcr Firmen mit Feldenkrais und Stimmbildung \" src=\"https:\/\/www.gisela-weigand.de\/wp-content\/uploads\/2010\/07\/histogramm.jpg\" alt=\"\" srcset=\"https:\/\/www.gisela-weigand.de\/wp-content\/uploads\/2010\/07\/histogramm.jpg 420w, https:\/\/www.gisela-weigand.de\/wp-content\/uploads\/2010\/07\/histogramm-300x135.jpg 300w\" sizes=\"auto, (max-width: 420px) 100vw, 420px\" \/><\/strong>Ressourcen schonen und Effizienz erh\u00f6hen<\/h3>\n<p>Hier optimieren selbsregulative Lernprozesse das Steuerungssystem und die Lebenskraft eines ganzen Betriebes. Sie verfeinern die Wahrnehmung und erh\u00f6hen die Bewusstheit jeder einzelnen MitarbeiterIn. Dadurch gestalten sich Handlungsabl\u00e4ufe und Denkprozesse zunehmend flexibler, kreativer und klarer.<\/p>\n<h3>Individuelle Qualit\u00e4ten besser nutzen<\/h3>\n<p>Jede\/jeder Einzelne lernen ihre Qualit\u00e4ten immer genauer kennen, verbessern den Selbstgebrauch und gewinnen mehr Vertrauen zur k\u00f6rpereigenen Intuition und Intelligenz. Sie\/er bringen sich schlie\u00dflich umfassender in den gesamten betrieblichen Ablauf ein.<\/p>\n<h3>Homogenit\u00e4t und gute Atmosph\u00e4re<\/h3>\n<p>Mit der individuell angeregten Sensibilit\u00e4t gestalten sich sowohl das soziale Miteinander, als auch die gesamte firmeninterne Atmosph\u00e4re deutlich positiver. Dem entsprechend stellt sich die Firma im Aussen homogner und gewinnender dar.<\/p>\n<h3>Einsatz hochsensibler und hochbegabter Mitarbeiter\/Innen<\/h3>\n<p>Sie lernen Funktions-, Denkweisen und ungew\u00f6hnliche F\u00e4higkeiten hochsensibler und hochbegabter MitarbeiterInnen besser zu erkennen und in den firmeninternen Ablauf zu integrieren. Damit er\u00f6ffnen sich f\u00fcr Ihr Unternehmen ungeahnte Entwicklungsm\u00f6glichkeiten.<\/p>\n<h3>Versagen oder Scheitern als Potential nutzen<\/h3>\n<p>F\u00fchrungskr\u00e4fte, UnternehmerInnen und Angestellte stehen h\u00e4ufig unter hohem Druck. Sie erlauben sich selten ihre Fehler oder ein Scheitern positiv zu sehen. Eher verkrampfen, verh\u00e4rten sie sich und entwickeln Angst. Das f\u00fchrt h\u00e4ufig zu einer Handlungsunf\u00e4higkeit. In dem Feldenkraiserleben wird ermutigt, eigene Zw\u00e4nge zu erkennen, Scheitern oder &#8222;nicht Gelingen&#8220; in den Erfahrungsraum miteinzubeziehen. Erst dann beginnt das Nervensystem aus sich heraus nach neuen L\u00f6sungen zu suchen. Neue Erfahrungsvarianten werden spielerisch angeboten und erweitern die Handlungskompetenz im Alltag.<\/p>\n<h3>Gesundheitsvorsorge ist Firmenkapital<\/h3>\n<p>Ihre MitarbeiterInnen erfahren ein Mehr an selbstsorgendem Umgang und lernen Ihre Grenzen besser einzusch\u00e4tzen. Sie bekommen au\u00dferdem mehr Wahlm\u00f6glichkeiten f\u00fcr allt\u00e4gliche Arbeitsabl\u00e4ufe. Das verhindert einen fr\u00fchzeitigen Verschlei\u00df, verbessert die Stressresilienz und st\u00e4rkt die Leistungsf\u00e4higkeit.<\/p>\n<h3>\u00dcberzeugen mit facettenreicher Pr\u00e4senz und Stimme<\/h3>\n<p>In der Kommunikation wird es f\u00fcr die Einzelnen m\u00f6glich gleichzeitig besser bei sich zu bleiben und auch die anderen deutlicher wahrzunehmen. Glaubw\u00fcrdigkeit und \u00dcberzeugungskraft transportieren sich zu einem sehr gro\u00dfen Teil \u00fcber den Klang der Stimme, die neben den Inhalten auch die eigenen Pers\u00f6nlichkeitsanteile h\u00f6rbar werden l\u00e4\u00dft. Durch \u00dcbereinstimmung von Gesten, Sprechtempo, Stimmklang, Lauschf\u00e4higkeit, k\u00f6rperlicher Aufrichtung und intuitiver Flexibilit\u00e4t entsteht eine nat\u00fcrliche Pr\u00e4senz. In ihr erh\u00f6ht sich die Wachheit f\u00fcr flexibles Agieren, authentische Pr\u00e4sentationen, umsichtiges Handeln und diplomatisches Verhandeln kontinuierlich.<span style=\"color: #c0c0c0;\"><br \/>\n<\/span><\/p>\n<p>Mehr Informationen unter <a href=\"https:\/\/www.gisela-weigand.de\/index.php\/leistungsspektrum\/\" target=\"_self\" rel=\"noopener noreferrer\">LEISTUNGSSPEKTRUM<\/a><\/p>\n<p>&#8222;Dem authentischen Unternehmer geh\u00f6rt die Zukunft&#8220;<br \/>\n<a href=\"http:\/\/www.perspektive-blau.de\/artikel\/0601b\/0601b.htm\" target=\"_blank\" rel=\"noopener noreferrer\">Interview mit Daniel Goeudevert<\/a><\/p>\n<p>Nennen Sie mir Ihre firmeninternen W\u00fcnsche, und ich entwickele mit Ihnen ein individuelles Seminarkonzept.<br \/>\n<a href=\"mailto:info@gisela-weigand.de\">Info und Buchung jetzt<\/a><\/p>","protected":false},"excerpt":{"rendered":"<p>Firmen und Betriebe finden in dieser Kombination senso-motorischer, darstellerischer und imaginativer Methoden, optimale M\u00f6glichkeiten gesund zu wachsen und ihre Effektivit\u00e4t zu steigern. Seminarwochen, Wochenenden, Tagesseminare und Einzelstunden stehen f\u00fcr Ihre Mitarbeiter\/innen und F\u00fchrungskr\u00e4fte flexibel kombinierbar zur Wahl. Ressourcen schonen und Effizienz erh\u00f6hen Hier optimieren selbsregulative Lernprozesse das Steuerungssystem und die Lebenskraft eines ganzen Betriebes. Sie [&hellip;]<\/p>\n","protected":false},"author":2,"featured_media":0,"parent":18,"menu_order":0,"comment_status":"closed","ping_status":"closed","template":"angebot.php","meta":{"footnotes":""},"class_list":["post-485","page","type-page","status-publish","hentry"],"wps_subtitle":"Feldenkrais &amp; Stimme - Gisela Weigand | Seminare &amp; Coaching  in Firmen ","_links":{"self":[{"href":"https:\/\/www.gisela-weigand.de\/index.php\/wp-json\/wp\/v2\/pages\/485","targetHints":{"allow":["GET"]}}],"collection":[{"href":"https:\/\/www.gisela-weigand.de\/index.php\/wp-json\/wp\/v2\/pages"}],"about":[{"href":"https:\/\/www.gisela-weigand.de\/index.php\/wp-json\/wp\/v2\/types\/page"}],"author":[{"embeddable":true,"href":"https:\/\/www.gisela-weigand.de\/index.php\/wp-json\/wp\/v2\/users\/2"}],"replies":[{"embeddable":true,"href":"https:\/\/www.gisela-weigand.de\/index.php\/wp-json\/wp\/v2\/comments?post=485"}],"version-history":[{"count":143,"href":"https:\/\/www.gisela-weigand.de\/index.php\/wp-json\/wp\/v2\/pages\/485\/revisions"}],"predecessor-version":[{"id":9329,"href":"https:\/\/www.gisela-weigand.de\/index.php\/wp-json\/wp\/v2\/pages\/485\/revisions\/9329"}],"up":[{"embeddable":true,"href":"https:\/\/www.gisela-weigand.de\/index.php\/wp-json\/wp\/v2\/pages\/18"}],"wp:attachment":[{"href":"https:\/\/www.gisela-weigand.de\/index.php\/wp-json\/wp\/v2\/media?parent=485"}],"curies":[{"name":"wp","href":"https:\/\/api.w.org\/{rel}","templated":true}]}}