{"id":483,"date":"2011-09-21T16:30:23","date_gmt":"2011-09-21T14:30:23","guid":{"rendered":"http:\/\/wp10473852.wp223.webpack.hosteurope.de\/index.php\/"},"modified":"2026-02-22T20:26:01","modified_gmt":"2026-02-22T19:26:01","slug":"einzelstunden","status":"publish","type":"page","link":"https:\/\/www.gisela-weigand.de\/index.php\/terminangebot\/einzelstunden\/","title":{"rendered":"Einzelstunden"},"content":{"rendered":"<p><strong>In Einzelstunden begleite ich Sie in Ihren besonderen Bed\u00fcrfnissen individuell und tiefgehend.<\/strong> <strong>Sie richten sich in Dauer und Kombination der zur Anwendung kommenden Methoden flexibel nach Ihren W\u00fcnschen und M\u00f6glichkeiten. Es ist die direkteste Art der F\u00f6rderung auf Ihrem Weg zu weitestgehender Autonomie, Freiheit und Erf\u00fcllung.<\/strong><\/p>\n<p><em>Einzelstunden k\u00f6nnen Sie im Bereich psychologisches und organisches Coaching, Stimmentfaltung, Feldenkrais und Heilsstr\u00f6men in Pr\u00e4senz und live online genie\u00dfen (Begegnung \u00fcber &#8222;teams&#8220; ). Mehr dazu unter <a href=\"https:\/\/www.gisela-weigand.de\/index.php\/aktuelles\/\" target=\"_blank\" rel=\"noopener noreferrer\">Aktuelles<\/a>.<\/em><\/p>\n<p><a href=\"mailto:info@gisela-weigand.de\">Jetzt anmelden<\/a><\/p>\n<h3><strong><img loading=\"lazy\" decoding=\"async\" width=\"420\" height=\"190\" class=\"alignnone size-full wp-image-2581\" title=\"Individuelle Einzelstunden in Feldenkrais-Stimmbildung-Supervision\" src=\"https:\/\/www.gisela-weigand.de\/wp-content\/uploads\/2011\/09\/funktionaleintegrationjutta.jpg\" alt=\"\" srcset=\"https:\/\/www.gisela-weigand.de\/wp-content\/uploads\/2011\/09\/funktionaleintegrationjutta.jpg 420w, https:\/\/www.gisela-weigand.de\/wp-content\/uploads\/2011\/09\/funktionaleintegrationjutta-300x135.jpg 300w\" sizes=\"auto, (max-width: 420px) 100vw, 420px\" \/><\/strong>FELDENKRAIS &#8211; FUNKTIONALE INTEGRATION PUR<\/h3>\n<p>Sie werden in verschiedensten Lagen ber\u00fchrt und bewegt. Auch zur Entwicklungsf\u00f6rderung von Kindern und f\u00fcr SeniorInnen geeignet. Wohltuend und hilfreich auch vor und nach der Schwangerschaft und in allen Lebensphasen. Mehr unter <a href=\"https:\/\/www.gisela-weigand.de\/index.php\/methoden\/feldenkrais-methode\/erfahrungsmoglichkeiten\/\" target=\"_self\" rel=\"noopener noreferrer\">ERFAHRUNGSGSM\u00d6GLICHKEITEN<\/a><\/p>\n<p>F\u00fcr Menschen mit gro\u00dfem Handicap komme ich auch ins Haus!<\/p>\n<h3>ANGEWANDTE STIMMPHYSIOLOGIE UND FELDENKRAIS<\/h3>\n<p>Sensorische Stimmentwicklung, EigenKlangRegulation, Resonanz, Gesang, Sprache, Rhetorik in Verbindung mit beiden Feldenkrais-Anwendungsarten. Auch integrative und k\u00fcnstlerische Umsetzung an Texten, Literatur, Reden, Arien, Songs &#8230;<\/p>\n<h3>SUPERVISION | IM VERBUND VON K\u00d6RPER, SEELE UND GEIST<\/h3>\n<p>Entdecken der eigenen Verhaltens- und Kommunikationsweisen \u00b7 Aufsp\u00fcren und St\u00e4rken der selbstregulativen und transformierenden Kr\u00e4fte \u00b7 wechselweise und nach Bedarf im wertsch\u00e4tzenden Gespr\u00e4ch oder in k\u00f6rpernahen, imaginativen und systemischen Erfahrungsm\u00f6glichkeiten \u00b7 Ausfl\u00fcge in u.a. Rollenspiel, Rituale, Schauspielpraxis, Improvisation und intuitives K\u00f6rpertheater \u00b7 in beide Feldenkrais-Anwendungen oder Stimm- und Klangerfahrung \u00b7 im japan. Heilstr\u00f6men \u00b7 Erweckung einer vielschichtigen Wahrnehmung im Innen und Au\u00dfen, als N\u00e4hrboden f\u00fcr eine lebensnahe und vitale Selbstkompetenz.<\/p>\n<h3>ANGEWANDTE MUSIKERPHYSIOLOGIE MIT FELDENKRAIS<\/h3>\n<p>Mit Instrument (alle!) Unterst\u00fctzung in Musikeralltag, Musikergesundheit, Auftrittspr\u00e4senz, bei Probespielen, Konzerten etc. Eigenregulation von Instrumentalklang und funktionaler Bewegung. Einbeziehung der Stimmparameter in den Instrumentalklang. Unterricht auch f\u00fcr Ensemble jeglicher Art! Siehe auch unter <a href=\"https:\/\/www.gisela-weigand.de\/index.php\/leistungsspektrum\/musikerphysiologie\/\" target=\"_blank\" rel=\"noopener noreferrer\">Musikerphysiologie<\/a><\/p>\n<p><em>Ebenso ist eine physiologische Anwendung f\u00fcr T\u00e4nzer, Sportler, Schauspieler und bildende K\u00fcnstler, Laien und Professionelle, m\u00f6glich.<\/em><\/p>\n<h3>NAT\u00dcRLICHE PR\u00c4SENZ UND STIMME<\/h3>\n<p>Unterst\u00fctzung, nach Bedarf psychologisch, physiologisch und inhaltlich gestalterisch, bei Auftritten, Vorsingen, Vorsprechen, Vortr\u00e4gen, Pr\u00e4sentationen, Bewerbungen, in privater und beruflicher Ausstrahlung &#8230; Mehr unter <a href=\"https:\/\/www.gisela-weigand.de\/index.php\/leistungsspektrum\/stimmeauftrittsprasenz\/\" target=\"_blank\" rel=\"noopener noreferrer\">Stimme | Pr\u00e4senz<\/a><\/p>\n<h3>Coaching jenseits der Norm<\/h3>\n<p>Sie empfangen eine lebensnahe, kreative, energetische und k\u00f6rperorientierte Wegbegleitung, f\u00fcr berufliche und private Anliegen. Sie gr\u00fcndelt je nach Bedarf im &#8222;Tiefenpsychologischen&#8220; , &#8222;Hypno-systemischen&#8220;, &#8222;Schamanischen&#8220;, im &#8222;japanischen Heilstr\u00f6men&#8220; und in der\u00a0 &#8222;Imaginativen Traumatherapie&#8220;. Gleichzeitig nutzt sie aber besonders das Leichte und Spielerische des organischen Lernens als Entwicklungspotential. Dazu verkn\u00fcpfen sich verschiedene Sensomotorische Methoden und das &#8222;Intuitive K\u00f6rpertheater&#8220;. Sie werden auf dialogischer Basis inspiriert.<\/p>\n<h3>Sonstiges<\/h3>\n<p>Je nach Wunsch oder Bedarf werden Sie bei den Feldenkrais Einzelstunden ber\u00fchrt und bewegt, oder Sie bewegen sich selbst nach verbaler Anleitung. Alle oben beschriebenen Bausteine lassen sich individuell und spielerisch miteinander kombinieren.<\/p>\n<p><span style=\"color: #000000;\">Eine zus\u00e4tzliche Klavierbegleitung ist nach Absprache m\u00f6glich.<\/span><\/p>\n<h3>Termine | Kosten und Unterrichtsorte<\/h3>\n<p>Termine vereinbaren Sie gerne pers\u00f6nlich, die Unterrichtsgeb\u00fchr bitte ich Sie telefonisch zu erfragen. Alles Weitere erfahren Sie unter <a href=\"https:\/\/www.gisela-weigand.de\/index.php\/agb\/einzelstunden\/\" target=\"_self\" rel=\"noopener noreferrer\">AGB Einzelstunden<\/a><\/p>\n<p><span style=\"color: #993366;\"><span style=\"color: #333333;\"><a href=\"mailto:info@gisela-weigand.de\">Jetzt anmelden<\/a><\/span><\/span><\/p>","protected":false},"excerpt":{"rendered":"<p>In Einzelstunden begleite ich Sie in Ihren besonderen Bed\u00fcrfnissen individuell und tiefgehend. Sie richten sich in Dauer und Kombination der zur Anwendung kommenden Methoden flexibel nach Ihren W\u00fcnschen und M\u00f6glichkeiten. Es ist die direkteste Art der F\u00f6rderung auf Ihrem Weg zu weitestgehender Autonomie, Freiheit und Erf\u00fcllung. Einzelstunden k\u00f6nnen Sie im Bereich psychologisches und organisches Coaching, [&hellip;]<\/p>\n","protected":false},"author":2,"featured_media":0,"parent":18,"menu_order":0,"comment_status":"closed","ping_status":"closed","template":"angebot.php","meta":{"footnotes":""},"class_list":["post-483","page","type-page","status-publish","hentry"],"wps_subtitle":"Feldenkrais &amp; Stimme | K\u00f6ln - Marburg | Einzelstunden - Coaching - Stimmentfaltung - Musikerphysiologie","_links":{"self":[{"href":"https:\/\/www.gisela-weigand.de\/index.php\/wp-json\/wp\/v2\/pages\/483","targetHints":{"allow":["GET"]}}],"collection":[{"href":"https:\/\/www.gisela-weigand.de\/index.php\/wp-json\/wp\/v2\/pages"}],"about":[{"href":"https:\/\/www.gisela-weigand.de\/index.php\/wp-json\/wp\/v2\/types\/page"}],"author":[{"embeddable":true,"href":"https:\/\/www.gisela-weigand.de\/index.php\/wp-json\/wp\/v2\/users\/2"}],"replies":[{"embeddable":true,"href":"https:\/\/www.gisela-weigand.de\/index.php\/wp-json\/wp\/v2\/comments?post=483"}],"version-history":[{"count":314,"href":"https:\/\/www.gisela-weigand.de\/index.php\/wp-json\/wp\/v2\/pages\/483\/revisions"}],"predecessor-version":[{"id":9453,"href":"https:\/\/www.gisela-weigand.de\/index.php\/wp-json\/wp\/v2\/pages\/483\/revisions\/9453"}],"up":[{"embeddable":true,"href":"https:\/\/www.gisela-weigand.de\/index.php\/wp-json\/wp\/v2\/pages\/18"}],"wp:attachment":[{"href":"https:\/\/www.gisela-weigand.de\/index.php\/wp-json\/wp\/v2\/media?parent=483"}],"curies":[{"name":"wp","href":"https:\/\/api.w.org\/{rel}","templated":true}]}}