{"id":479,"date":"2011-09-21T16:29:20","date_gmt":"2011-09-21T14:29:20","guid":{"rendered":"http:\/\/wp10473852.wp223.webpack.hosteurope.de\/index.php\/"},"modified":"2026-02-23T12:16:45","modified_gmt":"2026-02-23T11:16:45","slug":"seminarwochen","status":"publish","type":"page","link":"https:\/\/www.gisela-weigand.de\/index.php\/terminangebot\/seminarwochen\/","title":{"rendered":"Seminarwochen"},"content":{"rendered":"<h3>Tiefschichtige F\u00f6rderung und Regeneration in Seminarwochen<\/h3>\n<p><strong>In Seminarwochen mit Feldenkrais, Stimmenfaltung, K\u00f6rpertheater oder Musikerphysiolgie erleben Sie intensive F\u00f6rderung und Regeneration. Der Alltag tritt langsam in den Hintergrund, und Sie tauchen ein in Ihren pers\u00f6nlichen Potentialgarten. Dabei finden Sie eigene Wege Ihren Brunnen zu n\u00e4hren und Raum f\u00fcr kreative Entwicklung in <\/strong><strong>pers\u00f6nlichen und berufsbezogenen Themen<\/strong>.<\/p>\n<p><img loading=\"lazy\" decoding=\"async\" width=\"420\" height=\"190\" class=\"alignnone size-full wp-image-2546\" title=\"Kreativit\u00e4t und Genuss in Feldenkrais-und Stimm-Seminaren\" src=\"https:\/\/www.gisela-weigand.de\/wp-content\/uploads\/2011\/07\/animalmoves.jpg\" alt=\"\" srcset=\"https:\/\/www.gisela-weigand.de\/wp-content\/uploads\/2011\/07\/animalmoves.jpg 420w, https:\/\/www.gisela-weigand.de\/wp-content\/uploads\/2011\/07\/animalmoves-300x135.jpg 300w\" sizes=\"auto, (max-width: 420px) 100vw, 420px\" \/> Seminarwochen oder Wochenenden k\u00f6nnen Sie auch kompakt f\u00fcr Themen Ihrer Einrichtung, Firma oder f\u00fcr berufliche und private Gruppen aller Art <strong>bestellen<\/strong> und buchen. Au\u00dferdem biete ich eine Zusammenarbeit f\u00fcr Orchester- und Kammermusikurse, Chorfreizeiten, Meisterkurse f\u00fcr Instrument und Gesang, Tanz-, Theater- und Sportprojekte an.<\/p>\n<p><a href=\"mailto:info@gisela-weigand.de\">Information und Kontakt<\/a><\/p>\n<p>Neue Seminarwochen, Termine sind f\u00fcr 2026 in Planung!<\/p>\n<h3>K\u00f6Ma 10. Sommerseminar | Feldenkrais &amp; intuitives K\u00f6rper-Klang-Theater<\/h3>\n<p>Mit Leichtigkeit &amp; Kreativit\u00e4t unterwegs im (Berufs)Leben<\/p>\n<p><strong>Termin folgt | Mo &#8211; Do: t\u00e4gl. 18.00 &#8211; 21.00 Uhr, <em>pr\u00e4sent\u00a0<\/em><\/strong><\/p>\n<p>Mal etwas auf andere Art und Weise tun, sich darin sp\u00fcren und staunen\u2026 In vielf\u00e4ltigen Bewegungen und spontanem K\u00f6rper-Klang-Theater mit allen Sinnen, erleben Sie Wachheit, Wandlung, Humor, Wohlklang und Vitalit\u00e4t. Sie experimentieren spielerisch in Bewegung, Stimme, Sprache, Raum und Kommunikation. Dabei kommen Sie auch zur Ruhe, wodurch eigene Bed\u00fcrfnisse, Handlungsweisen und innere Bilder erkennbar werden. Gleichzeitig entsteht ein Freiraum, um neue und kreative M\u00f6glichkeiten zu erproben, die sich leicht anf\u00fchlen und Neugier erwecken. Mit zunehmendem Vertrauen zur eigenen Intuition und auftauchender Spontaneit\u00e4t entdecken Sie mehr von Ihrem Potential. Je nach individuellem Bedarf k\u00f6nnen auch ergonomische und stimmliche Herausforderungen oder belastende Situationen am Arbeitsplatz zum Thema werden. Sie entwickeln Ideen, wie Sie in diesen Spielfeldern f\u00fcr sich besser sorgen und flexibel L\u00f6sungen finden k\u00f6nnen. Lassen Sie sich inspirieren zu einem positiven und entwicklungsfrohen Handeln im Arbeits- und Lebensfeld!<\/p>\n<p><em>Teilnahmegeb\u00fchr Wochenkurs (4 x 3 Std.): 300 Euro\u00a0<\/em><br \/>\n<em>Teilnahmegeb\u00fchr Tageskurs (1 x 3 Std.): 80 Euro<\/em><\/p>\n<h3>K\u00f6Ma 11. Herbstseminar | Feldenkrais &amp; Stimme<\/h3>\n<p>Nat\u00fcrliche Pr\u00e4senz, gewinnende Stimme und gesundes Handeln, mit der Feldenkrais\u00aeMethode und Stimmentfaltung<\/p>\n<p><strong>Termin folgt\u00a0 | Mo &#8211; Do: t\u00e4gl. 18.00 &#8211; 21.00 Uhr, <em>pr\u00e4sent +<\/em> <em>online!<\/em><br \/>\n<\/strong>in K\u00f6ln, Marburg und weltweit | www.gisela-weigand.de<\/p>\n<p>Sie erleben sich in spielerischen Bewegungsabl\u00e4ufen, Stimmklang, Pr\u00e4senz, Atmung und Raum. Dabei kommen Sie zur Ruhe, wodurch eigene Bed\u00fcrfnisse und Handlungsweisen erkennbar werden. Gleichzeitig entsteht Freiraum, um neue Handlungswege zu erproben, die sich effizienter und leichter anf\u00fchlen. Mit zunehmendem Vertrauen zur eigenen Intuition und auftauchender Spontaneit\u00e4t, gestaltet sich Ihre Pr\u00e4senz vitaler. Je nach individuellem Bedarf k\u00f6nnen ergonomische, stimmliche und andere Herausforderungen (z.B. Homeoffice) zum Thema werden. Sie erhalten Ideen, wie Sie in diesen Situationen f\u00fcr sich selbstregulativ besser sorgen und flexibel L\u00f6sungen finden k\u00f6nnen. Dazu geh\u00f6rt eine St\u00e4rkung Ihrer inneren und \u00e4u\u00dferen Stimme in Klang und Sprache, indem sie sich zunehmend wertfreier h\u00f6rend und schwingend wahrnehmen. Ihr Auftritt wird am Ende lustvoller, humorvoller, einfacher und \u00fcberzeugender sein!<\/p>\n<p><em>Teilnahmegeb\u00fchr Wochenkurs (4 x 3 Std.): 300 Euro<\/em><br \/>\n<em>Teilnahmegeb\u00fchr Tageskurs (1 x 3 Std.): 80 Euro<\/em><\/p>\n<p><a href=\"mailto:info@gisela-weigand.de\">Anmeldung und Info jetzt<\/a><\/p>\n<p>&nbsp;<\/p>\n<p>Siehe auch unter <a href=\"https:\/\/www.gisela-weigand.de\/index.php\/terminangebot\/workshops\/\" target=\"_blank\" rel=\"noopener noreferrer\">Workshops<\/a> und <a href=\"https:\/\/www.gisela-weigand.de\/index.php\/terminangebot\/bildungsurlaub\/\" target=\"_blank\" rel=\"noopener noreferrer\">Bildungsurlaube<\/a>.<\/p>\n<h3><\/h3>\n<h3><\/h3>\n<h3><\/h3>\n<h3><\/h3>\n<h3><\/h3>","protected":false},"excerpt":{"rendered":"<p>Tiefschichtige F\u00f6rderung und Regeneration in Seminarwochen In Seminarwochen mit Feldenkrais, Stimmenfaltung, K\u00f6rpertheater oder Musikerphysiolgie erleben Sie intensive F\u00f6rderung und Regeneration. Der Alltag tritt langsam in den Hintergrund, und Sie tauchen ein in Ihren pers\u00f6nlichen Potentialgarten. Dabei finden Sie eigene Wege Ihren Brunnen zu n\u00e4hren und Raum f\u00fcr kreative Entwicklung in pers\u00f6nlichen und berufsbezogenen Themen. Seminarwochen [&hellip;]<\/p>\n","protected":false},"author":2,"featured_media":0,"parent":18,"menu_order":0,"comment_status":"closed","ping_status":"closed","template":"angebot.php","meta":{"footnotes":""},"class_list":["post-479","page","type-page","status-publish","hentry"],"wps_subtitle":"Feldenkrais &amp; Stimme - Gisela Weigand | K\u00f6ln &amp; Marburg - Seminarwochen 2026","_links":{"self":[{"href":"https:\/\/www.gisela-weigand.de\/index.php\/wp-json\/wp\/v2\/pages\/479","targetHints":{"allow":["GET"]}}],"collection":[{"href":"https:\/\/www.gisela-weigand.de\/index.php\/wp-json\/wp\/v2\/pages"}],"about":[{"href":"https:\/\/www.gisela-weigand.de\/index.php\/wp-json\/wp\/v2\/types\/page"}],"author":[{"embeddable":true,"href":"https:\/\/www.gisela-weigand.de\/index.php\/wp-json\/wp\/v2\/users\/2"}],"replies":[{"embeddable":true,"href":"https:\/\/www.gisela-weigand.de\/index.php\/wp-json\/wp\/v2\/comments?post=479"}],"version-history":[{"count":273,"href":"https:\/\/www.gisela-weigand.de\/index.php\/wp-json\/wp\/v2\/pages\/479\/revisions"}],"predecessor-version":[{"id":9471,"href":"https:\/\/www.gisela-weigand.de\/index.php\/wp-json\/wp\/v2\/pages\/479\/revisions\/9471"}],"up":[{"embeddable":true,"href":"https:\/\/www.gisela-weigand.de\/index.php\/wp-json\/wp\/v2\/pages\/18"}],"wp:attachment":[{"href":"https:\/\/www.gisela-weigand.de\/index.php\/wp-json\/wp\/v2\/media?parent=479"}],"curies":[{"name":"wp","href":"https:\/\/api.w.org\/{rel}","templated":true}]}}