{"id":460,"date":"2011-09-21T16:18:52","date_gmt":"2011-09-21T14:18:52","guid":{"rendered":"http:\/\/wp10473852.wp223.webpack.hosteurope.de\/index.php\/"},"modified":"2026-02-22T20:16:11","modified_gmt":"2026-02-22T19:16:11","slug":"kurse","status":"publish","type":"page","link":"https:\/\/www.gisela-weigand.de\/index.php\/terminangebot\/kurse\/","title":{"rendered":"Kurse"},"content":{"rendered":"<p><strong>In den fortlaufenden Kursen f\u00fcr Feldenkrais, Stimmbildung und Musikerphysiologie erleben Sie Kontinuit\u00e4t und Geborgenheit. Das erm\u00f6glicht Ihnen spielerisch und in aller Ruhe in sich selbst zu forschen und zu lernen. Gleichzeitig profitieren Sie auch von den Fragen und Erlebnissen der anderen Teilnehmer\/innen.<\/strong><\/p>\n<p><strong><a href=\"https:\/\/www.gisela-weigand.de\/index.php\/terminangebot\/kurse\/koeln\/\" target=\"_blank\" rel=\"noopener noreferrer\">aktuelle Kurstermine in K\u00f6ln hier<\/a><br \/>\n<a href=\"https:\/\/www.gisela-weigand.de\/index.php\/terminangebot\/kurse\/marburg-termine\/\" target=\"_blank\" rel=\"noopener noreferrer\">aktuelle Kurstermine in Marburg hier<\/a><br \/>\n<\/strong><\/p>\n<h3><strong><img loading=\"lazy\" decoding=\"async\" width=\"420\" height=\"190\" class=\"alignnone size-full wp-image-2554\" title=\"Lernen durch Erfahrung in Feldenkrais-und Stimmkursen\" src=\"https:\/\/www.gisela-weigand.de\/wp-content\/uploads\/2011\/09\/rosaarmumkopf.jpg\" alt=\"Feldenkrais und Stimmbildung-Gisela Weigand, in K\u00f6ln, Overath und Marburg\" srcset=\"https:\/\/www.gisela-weigand.de\/wp-content\/uploads\/2011\/09\/rosaarmumkopf.jpg 420w, https:\/\/www.gisela-weigand.de\/wp-content\/uploads\/2011\/09\/rosaarmumkopf-300x135.jpg 300w\" sizes=\"auto, (max-width: 420px) 100vw, 420px\" \/><\/strong>KURSSTRUKTUR<\/h3>\n<p>Durch jeden Kurs entwickelt sich eine Art roter Faden, wobei jede einzelne Kursstunde mit einem eigenen Thema auch f\u00fcr sich steht. Individuelle W\u00fcnsche, Sorgen, Tr\u00e4ume, Schmerzen, Freuden, Erlebnisse, Erkenntnisse&#8230; sind willkommen und bilden h\u00e4ufig alltagsbezogene Metathemen. Lesen Sie mehr zu den Inhalten unter <a href=\"https:\/\/www.gisela-weigand.de\/index.php\/methoden\/\" target=\"_self\" rel=\"noopener noreferrer\">METHODEN<\/a> und <a href=\"https:\/\/www.gisela-weigand.de\/index.php\/methoden\/feldenkrais-methode\/erfahrungsmoglichkeiten\/\" target=\"_self\" rel=\"noopener noreferrer\">Erfahrungsm\u00f6glichkeiten<\/a><\/p>\n<h3>TURNUS DER GRUPPEN<\/h3>\n<p>Die Gruppen mit 3-10 Personen finden ein Mal w\u00f6chentlich statt, meist f\u00fcr circa eine Zeitstunde und laufen \u00fcber einen begrenzten Zeitraum. Zu jedem Kursende erhalten Sie eine Teilnahmebest\u00e4tigung. Der Einstieg in bereits laufende Kurse ist nach vorheriger Anmeldung m\u00f6glich. Sie k\u00f6nnen bis zu drei Probestunden hintereinander buchen.<\/p>\n<h3>NACHHOLM\u00d6GLICHKEIT<\/h3>\n<p>Wenigstens zwei vers\u00e4umte Termine k\u00f6nnen nach Absprache im laufenden Segment in einem anderen Kurs nach- oder vorgeholt werden, wenn es dort gen\u00fcgend Platz gibt.<\/p>\n<h3>TEILNEHMER\/INNEN<\/h3>\n<p>Die Kurse eigenen sich f\u00fcr Menschen aller Alterstufen mit oder ohne gesundheitliche Schw\u00e4chen und Handicaps.<\/p>\n<h3>MITBRINGEN<\/h3>\n<p>\u00b7 warme, bequeme Alltagskleidung und warme Socken<br \/>\n\u00b7 je nach Kursort eigene Decke und Matte<br \/>\n\u00b7 nach Bedarf einige Handt\u00fccher stapelbar als Kopfunterlage<\/p>\n<h3>SONDERTERMINE UND SPEZIELLE THEMEN<\/h3>\n<p>Suchen Sie f\u00fcr eine bereits bestehende berufliche oder private Gruppe einen Extratermin oder haben Sie ein spezielles Anliegen, fragen Sie gerne pers\u00f6nlich bei mir an.<\/p>\n<p>Weitere Angaben finden Sie unter <a href=\"https:\/\/www.gisela-weigand.de\/index.php\/agb\/\" target=\"_self\" rel=\"noopener noreferrer\">AGB KURSE<\/a><\/p>","protected":false},"excerpt":{"rendered":"<p>In den fortlaufenden Kursen f\u00fcr Feldenkrais, Stimmbildung und Musikerphysiologie erleben Sie Kontinuit\u00e4t und Geborgenheit. Das erm\u00f6glicht Ihnen spielerisch und in aller Ruhe in sich selbst zu forschen und zu lernen. Gleichzeitig profitieren Sie auch von den Fragen und Erlebnissen der anderen Teilnehmer\/innen. aktuelle Kurstermine in K\u00f6ln hier aktuelle Kurstermine in Marburg hier KURSSTRUKTUR Durch jeden [&hellip;]<\/p>\n","protected":false},"author":2,"featured_media":0,"parent":18,"menu_order":0,"comment_status":"closed","ping_status":"closed","template":"angebot.php","meta":{"footnotes":""},"class_list":["post-460","page","type-page","status-publish","hentry"],"wps_subtitle":"Feldenkrais &amp; Stimme - Gisela Weigand | K\u00f6ln &amp; Marburg - Kurse 2026 ","_links":{"self":[{"href":"https:\/\/www.gisela-weigand.de\/index.php\/wp-json\/wp\/v2\/pages\/460","targetHints":{"allow":["GET"]}}],"collection":[{"href":"https:\/\/www.gisela-weigand.de\/index.php\/wp-json\/wp\/v2\/pages"}],"about":[{"href":"https:\/\/www.gisela-weigand.de\/index.php\/wp-json\/wp\/v2\/types\/page"}],"author":[{"embeddable":true,"href":"https:\/\/www.gisela-weigand.de\/index.php\/wp-json\/wp\/v2\/users\/2"}],"replies":[{"embeddable":true,"href":"https:\/\/www.gisela-weigand.de\/index.php\/wp-json\/wp\/v2\/comments?post=460"}],"version-history":[{"count":107,"href":"https:\/\/www.gisela-weigand.de\/index.php\/wp-json\/wp\/v2\/pages\/460\/revisions"}],"predecessor-version":[{"id":9447,"href":"https:\/\/www.gisela-weigand.de\/index.php\/wp-json\/wp\/v2\/pages\/460\/revisions\/9447"}],"up":[{"embeddable":true,"href":"https:\/\/www.gisela-weigand.de\/index.php\/wp-json\/wp\/v2\/pages\/18"}],"wp:attachment":[{"href":"https:\/\/www.gisela-weigand.de\/index.php\/wp-json\/wp\/v2\/media?parent=460"}],"curies":[{"name":"wp","href":"https:\/\/api.w.org\/{rel}","templated":true}]}}