{"id":44,"date":"2010-07-04T17:50:58","date_gmt":"2010-07-04T15:50:58","guid":{"rendered":"http:\/\/www.gisela-weigand.de\/index.php\/"},"modified":"2015-06-22T10:25:31","modified_gmt":"2015-06-22T08:25:31","slug":"meine-arbeitsweisen","status":"publish","type":"page","link":"https:\/\/www.gisela-weigand.de\/index.php\/leistungsspektrum\/meine-arbeitsweisen\/","title":{"rendered":"Meine Arbeitsweisen"},"content":{"rendered":"<p><strong>Ich f\u00f6rdere Sie spielerisch, offen und achtsam kommunizierend in einer positiven Lebensweise und vielseitigen Entwicklung. Au\u00dferdem ermutige ich Sie individuell in Ihren privaten und beruflichen Anliegen und in der Verwirklichung Ihrer W\u00fcnsche und Tr\u00e4ume. In meinen Angebot verweben sich sowohl k\u00f6rperorientierte sensorische und darstellerische Methoden, als auch psychologische und intuitive Vorgehensweisen miteinander.<\/strong><\/p>\n<h3>Feinschwingender und dialogischer Prozess<\/h3>\n<p>In einem feinschwingenden Prozess begleite ich Sie auf einer dialogischen Ebene. Basis ist dabei die neurophysiologisch und entwicklungspsychologisch selbstwirksame Feldenkrais\u00ae-Methode. In einem somatisches Lernprozess werden sowohl Ihr Bewegungsspiel, Ihre Wahrnehmung, als auch Ihr Denken, F\u00fchlen und Handeln reflektiert, voneinander differenziert und (neu) miteinander vernetzt.<\/p>\n<h3>SENSO-MOTORISCHE STIMULATIONSP\u00c4DAGOGIK<\/h3>\n<p>In den jeweiligen Einzel- und Gruppeneinheiten kommt eine senso-motorische Stimulationsp\u00e4dagogik zum Einsatz. Sie gibt wechselweise verbalen Bewegungsanleitungen, Gespr\u00e4chen, Ber\u00fchrung, fragenden, autosuggestiven, k\u00f6rpertherapeutischen und meditativen Elementen Raum. Dabei wird zunehmend Ihre K\u00f6rperintelligenz geweckt und eine Eigenregulation Ihres gesamten Systems in Gang gebracht.<\/p>\n<h3>Klangorientierte STIMM- UND INSTRUMENTALP\u00c4DAGOGIK<\/h3>\n<p>Anregungen aus der klangorientierten P\u00e4dagogik der Lichtenberger\u00ae Methode erg\u00e4nzen sich mit Impulsen u.a. aus Schauspieltechnik, Chi Gong und ButohTanz. Je mehr sich Druck und Anstrengung reduzieren und die Ohren wertfrei am Klangprozess teilnehmen, um so klarer wird der Zugang zu Ihrer inneren und klingenden Stimme und zu Ihrer Motivation. Stimmklang, Sprache, Ausdruck und Instrumentalspiel k\u00f6nnen sich so zu funktionaler Leichtigkeit, freier Schwingf\u00e4higkeit, mehr Authentizit\u00e4t und Farbenreichtum entwickeln.<\/p>\n<h3>Eigenregie wurzelt in der Kraft des inneren Erlebens<\/h3>\n<p>Freies Visualisieren, innere Bilderreisen (nach L. Reddemann und H.C. Leuner) und die Begegnung mit den eigenen facettenreichen Personenanteilen und der &#8222;inneren Weisen&#8220; (nach F.S. von Thun), flie\u00dfen nach Bedarf oder Wunsch in eine stabilisierende und kreative Wegfindung mit ein.<\/p>\n<p>Mehr zu meinen Methoden erfahren sie unter <a href=\"https:\/\/www.gisela-weigand.de\/index.php\/methoden\/\" target=\"_self\">METHODEN<\/a> und <a title=\"Inspirationen Gisela Weigand\" href=\"https:\/\/www.gisela-weigand.de\/index.php\/zur-person\/inspirationen\/\" target=\"_self\">INSPIRATIONEN<\/a> oder unter den jeweiligen Spezialgebieten.<\/p>","protected":false},"excerpt":{"rendered":"<p>Ich f\u00f6rdere Sie spielerisch, offen und achtsam kommunizierend in einer positiven Lebensweise und vielseitigen Entwicklung. Au\u00dferdem ermutige ich Sie individuell in Ihren privaten und beruflichen Anliegen und in der Verwirklichung Ihrer W\u00fcnsche und Tr\u00e4ume. In meinen Angebot verweben sich sowohl k\u00f6rperorientierte sensorische und darstellerische Methoden, als auch psychologische und intuitive Vorgehensweisen miteinander. Feinschwingender und dialogischer [&hellip;]<\/p>\n","protected":false},"author":2,"featured_media":0,"parent":35,"menu_order":1,"comment_status":"open","ping_status":"closed","template":"","meta":{"footnotes":""},"class_list":["post-44","page","type-page","status-publish","hentry"],"wps_subtitle":"ALLGEMEINE VORGEHENSWEISEN","_links":{"self":[{"href":"https:\/\/www.gisela-weigand.de\/index.php\/wp-json\/wp\/v2\/pages\/44","targetHints":{"allow":["GET"]}}],"collection":[{"href":"https:\/\/www.gisela-weigand.de\/index.php\/wp-json\/wp\/v2\/pages"}],"about":[{"href":"https:\/\/www.gisela-weigand.de\/index.php\/wp-json\/wp\/v2\/types\/page"}],"author":[{"embeddable":true,"href":"https:\/\/www.gisela-weigand.de\/index.php\/wp-json\/wp\/v2\/users\/2"}],"replies":[{"embeddable":true,"href":"https:\/\/www.gisela-weigand.de\/index.php\/wp-json\/wp\/v2\/comments?post=44"}],"version-history":[{"count":61,"href":"https:\/\/www.gisela-weigand.de\/index.php\/wp-json\/wp\/v2\/pages\/44\/revisions"}],"predecessor-version":[{"id":173,"href":"https:\/\/www.gisela-weigand.de\/index.php\/wp-json\/wp\/v2\/pages\/44\/revisions\/173"}],"up":[{"embeddable":true,"href":"https:\/\/www.gisela-weigand.de\/index.php\/wp-json\/wp\/v2\/pages\/35"}],"wp:attachment":[{"href":"https:\/\/www.gisela-weigand.de\/index.php\/wp-json\/wp\/v2\/media?parent=44"}],"curies":[{"name":"wp","href":"https:\/\/api.w.org\/{rel}","templated":true}]}}