{"id":407,"date":"2011-07-10T12:31:14","date_gmt":"2011-07-10T10:31:14","guid":{"rendered":"http:\/\/wp10473852.wp223.webpack.hosteurope.de\/index.php\/"},"modified":"2015-02-09T12:12:47","modified_gmt":"2015-02-09T11:12:47","slug":"das-chaos-strukturieren","status":"publish","type":"page","link":"https:\/\/www.gisela-weigand.de\/index.php\/leistungsspektrum\/hochsensible-begabte\/das-chaos-strukturieren\/","title":{"rendered":"Chaos strukturieren"},"content":{"rendered":"<p style=\"text-align: left;\"><strong>&#8222;Der Frosch legt seine H\u00e4nde flach und singt es, das ihm auferlegte Lied&#8220; (Sokan)<\/strong><\/p>\n<h3 style=\"text-align: left;\"><strong><img loading=\"lazy\" decoding=\"async\" width=\"420\" height=\"190\" class=\"alignnone size-full wp-image-2571\" title=\"Balance f\u00fcr hochsensible und hochbegabte Menschen\" src=\"https:\/\/www.gisela-weigand.de\/wp-content\/uploads\/2011\/07\/hockekontaktjaeger.jpg\" alt=\"\" srcset=\"https:\/\/www.gisela-weigand.de\/wp-content\/uploads\/2011\/07\/hockekontaktjaeger.jpg 420w, https:\/\/www.gisela-weigand.de\/wp-content\/uploads\/2011\/07\/hockekontaktjaeger-300x135.jpg 300w\" sizes=\"auto, (max-width: 420px) 100vw, 420px\" \/><\/strong>Balance und N\u00e4hrboden f\u00fcr allerlerlei Au\u00dfergew\u00f6hnliches<\/h3>\n<ul>\n<li>Entdeckungsreise im hauseigenen Potentialgarten, Reichtum und Risiken erkennen und sch\u00e4tzen lernen<\/li>\n<li>Den hohen Empfindsamkeiten begegnen, ihre Gr\u00fcnde und Zusammenh\u00e4nge verstehen, ihre Vor-und Nachteile fruchtbar in den Lebensfaden einweben<\/li>\n<li>Mut zum Anderssein oder&#8230;die Normalit\u00e4t als RuheBalsam nutzen oder&#8230;das (So)Sein zur Normalit\u00e4t ernennen oder&#8230;die Normalit\u00e4t um`s Anderssein erweitern<\/li>\n<li>Adrenalinansammlungen \u00fcber passende Kan\u00e4le auszittern<\/li>\n<li>Ersch\u00f6pfung sp\u00fcren wagen und (Be)Grenzen gut finden m\u00f6gen<\/li>\n<li>EigenEnergie-Management und Fr\u00fchWarnsignal-Insourcing, n\u00f6rdliche Schlauheit sucht Weg zum s\u00fcdlichen Bauch!<\/li>\n<li>Den pers\u00f6nlichen Weltenspielplatz mit Feinsinn erobern und MitGespielInnen begeistern<\/li>\n<li>In Untiefen suchend gr\u00fcndeln und auf Bergspitzen wissend turnen oder auch in dem Dazwischen gelassen meditieren &#8211; geht das?<\/li>\n<li style=\"text-align: left;\">Schutzr\u00e4ume aufsuchen, Hilfe annehmen, das Chaos bes\u00e4nftigend ordnen und Engp\u00e4sse zu Geburtskan\u00e4len transformieren<\/li>\n<\/ul>\n<h3>IRRWEGE, ZWEIFEL UND VERR\u00dcCKTHEITEN SCH\u00c4TZEN LERNEN<\/h3>\n<p>In einer Mischung von senso-motorischem Lernen, Gespr\u00e4ch und Imagination wird der schwirrende Intellekt beruhigt. Ein zuviel an Erregung wird im Cortex &#8222;gehemmt&#8220; und ihre Handlung dadurch klarer motiviert. Die tiefgreifende Transformation findet gr\u00f6\u00dften Teils auf unbewusster Ebene statt. \u00dcber Bewegung ver\u00e4ndern sich die inneren Selbstbilder.<\/p>\n<p>Organisches Lernen widerspricht nicht, sondern folgt zun\u00e4chst Ihrer gewohnten Art. Niemand sagt, was richtig oder besser w\u00e4re. Sie finden selbst heraus, was f\u00fcr Sie in der jeweiligen Situation angemessen ist. Ihre schnelle immer diskussionbereite Denke verschwendet daher weniger Energie f\u00fcr Kontras oder Umwege.<\/p>\n<p>Die Entwicklung erreicht sie ganz und auf direktem Wege, indem sich Ihr Denken, F\u00fchlen und Handeln miteinander verbinden. Sie selbst bestimmen das Tempo und wohin die Reise gehen soll. Dabei mildern sich die scharfen Spitzen allzu extremer Empfindlichkeiten, sie kommen mehr zu sich und werden entscheidungsfreudiger.<\/p>\n<h3>Ber\u00fchrende und hilfreiche Literatur<\/h3>\n<p>Vielleicht erkennen sie sich darin wieder, f\u00fchlen sich verstanden und finden erste Anregungen im Umgang mit Ihrer Wesensart.<\/p>\n<p>Andrea Brackmann | Jenseits der Norm &#8211; hochbegabt und hochsensibel<br \/>\nLeben lernen Klett Kotta \u00b7 Stuttgart 2005<\/p>\n<p>Georg Parlow | zart Besaitet<br \/>\nSelbstverst\u00e4ndnis, Selbstachtung und Selbsthilfe f\u00fcr hochsensible Menschen. Festland-Verlag \u00b7 Wien 2003<\/p>\n<p>Elaine N. Aron | Sind Sie hochsensibel?<br \/>\nWie Sie Ihre Empfindsamkeit erkennen, verstehen und nutzen. mvg-Verlag \u00b7 Heidelberg 2005<\/p>","protected":false},"excerpt":{"rendered":"<p>&#8222;Der Frosch legt seine H\u00e4nde flach und singt es, das ihm auferlegte Lied&#8220; (Sokan) Balance und N\u00e4hrboden f\u00fcr allerlerlei Au\u00dfergew\u00f6hnliches Entdeckungsreise im hauseigenen Potentialgarten, Reichtum und Risiken erkennen und sch\u00e4tzen lernen Den hohen Empfindsamkeiten begegnen, ihre Gr\u00fcnde und Zusammenh\u00e4nge verstehen, ihre Vor-und Nachteile fruchtbar in den Lebensfaden einweben Mut zum Anderssein oder&#8230;die Normalit\u00e4t als RuheBalsam [&hellip;]<\/p>\n","protected":false},"author":2,"featured_media":0,"parent":185,"menu_order":0,"comment_status":"open","ping_status":"open","template":"","meta":{"footnotes":""},"class_list":["post-407","page","type-page","status-publish","hentry"],"wps_subtitle":"Mit Selbstgesp\u00fcr im Hauseigenen Potentialgarten","_links":{"self":[{"href":"https:\/\/www.gisela-weigand.de\/index.php\/wp-json\/wp\/v2\/pages\/407","targetHints":{"allow":["GET"]}}],"collection":[{"href":"https:\/\/www.gisela-weigand.de\/index.php\/wp-json\/wp\/v2\/pages"}],"about":[{"href":"https:\/\/www.gisela-weigand.de\/index.php\/wp-json\/wp\/v2\/types\/page"}],"author":[{"embeddable":true,"href":"https:\/\/www.gisela-weigand.de\/index.php\/wp-json\/wp\/v2\/users\/2"}],"replies":[{"embeddable":true,"href":"https:\/\/www.gisela-weigand.de\/index.php\/wp-json\/wp\/v2\/comments?post=407"}],"version-history":[{"count":74,"href":"https:\/\/www.gisela-weigand.de\/index.php\/wp-json\/wp\/v2\/pages\/407\/revisions"}],"predecessor-version":[{"id":412,"href":"https:\/\/www.gisela-weigand.de\/index.php\/wp-json\/wp\/v2\/pages\/407\/revisions\/412"}],"up":[{"embeddable":true,"href":"https:\/\/www.gisela-weigand.de\/index.php\/wp-json\/wp\/v2\/pages\/185"}],"wp:attachment":[{"href":"https:\/\/www.gisela-weigand.de\/index.php\/wp-json\/wp\/v2\/media?parent=407"}],"curies":[{"name":"wp","href":"https:\/\/api.w.org\/{rel}","templated":true}]}}