{"id":33,"date":"2010-07-04T17:44:15","date_gmt":"2010-07-04T15:44:15","guid":{"rendered":"http:\/\/www.gisela-weigand.de\/index.php\/"},"modified":"2022-11-25T18:33:21","modified_gmt":"2022-11-25T17:33:21","slug":"feldenkrais-methode","status":"publish","type":"page","link":"https:\/\/www.gisela-weigand.de\/index.php\/methoden\/feldenkrais-methode\/","title":{"rendered":"Feldenkrais Methode"},"content":{"rendered":"<p><strong>Sie bietet Ihnen ein angenehmes Umfeld lustvolles Lernen grundlegend zu erfahren, Ihre Sinne zu sensibilisieren und herauszufinden, wie Sie sich selbst gesund erhalten k\u00f6nnen. Die M\u00f6glichkeiten dazu liegen in Ihnen verborgen und Sie lernen in einem Feldenkraiskurs oder einer Einzelstunde mehr von Ihrem Potential zu nutzen.<\/strong><\/p>\n<h3><strong><img loading=\"lazy\" decoding=\"async\" width=\"420\" height=\"190\" class=\"alignnone size-full wp-image-2561\" title=\"Willkommen bei der Feldenkrais-Methode\" src=\"https:\/\/www.gisela-weigand.de\/wp-content\/uploads\/2010\/07\/fussinhand.jpg\" alt=\"\" srcset=\"https:\/\/www.gisela-weigand.de\/wp-content\/uploads\/2010\/07\/fussinhand.jpg 420w, https:\/\/www.gisela-weigand.de\/wp-content\/uploads\/2010\/07\/fussinhand-300x135.jpg 300w\" sizes=\"auto, (max-width: 420px) 100vw, 420px\" \/><\/strong>Aufmerksam werden f\u00fcr eigene Bewegungsarten<\/h3>\n<p>In facettenreichen Bewegungsabl\u00e4ufen im Liegen, Sitzen, Gehen und Stehen wird eine Bewusstheit f\u00fcr Ihre pers\u00f6nliche Bewegungsart geweckt. Die Aufmerksamkeit wird dabei auf Ausma\u00df und Harmonie von Bewegungen, auf Funktionsweisen von Gelenken, Vernetzung von K\u00f6rperteilen, Atmung, Muskelanspannung, Blick, Tempo, Timing, Rhythmus, Balance, Au\u00dfen- und Innenraum gelenkt.<\/p>\n<h3>Wahlm\u00f6glichkeiten f\u00fcr das eigene Handeln finden<\/h3>\n<p>Gleichzeitig werden Sie motiviert bekannte Handlungen auf neue Arten auszuf\u00fchren. Das erm\u00f6glicht Ihnen u.a. bei Schmerzen oder unangemessenen Handlungen und Denkweisen befriedigendere Alternativen zu finden. Das Nervensystem lernt dabei feine Unterschiede in den Bewegungsqualit\u00e4ten zu erkennen und speichert die effektivsten Funktionsweisen. Da diese erfolgreicher sind, sich leichter und besser anf\u00fchlen, kommen sie im Alltag zunehmend gegen\u00fcber den gewohnten Weisen zum Einsatz.<\/p>\n<h3>\u00dcberfl\u00fcssige Anstrengung erkennen und abbauen<\/h3>\n<p>Indem die Muskeln in Zentren vermehrter Anspannung unn\u00f6tige Haltearbeit aufgeben k\u00f6nnen, werden Sie frei f\u00fcr kreative Prozesse. Bewegung und Kraftaufwand verteilen sich so gleichm\u00e4\u00dfiger durch den gesamten K\u00f6rper. Ruhe und Aktivit\u00e4t treten insgesamt in eine angemessene Balance.<\/p>\n<h3>Was ver\u00e4ndert sich?<\/h3>\n<p>Das Skelett richtet sich auf und kann seine urspr\u00fcngliche Funktion f\u00fcr Stabilit\u00e4t und Tragen wieder besser \u00fcbernehmen. Sie werden freier und spontaner in Ihren Aktionen, Ihrem Denken und Sie erh\u00f6hen Ihre Sensibilit\u00e4t f\u00fcr sich und Ihre Umwelt. Mit der Freude am Gelingen der eigenen Bewegung st\u00e4rkt sich auch das Selbstwertgef\u00fchl. Bei ihren T\u00e4tigkeiten f\u00fchlen Sie sich beweglicher, zentrierter und mehr mit ihrem ganzen K\u00f6rper beteiligt.<\/p>\n<h3>Frei werden von nutzlosen Gewohnheiten<\/h3>\n<p>Statt starr an \u00fcberholten oder sch\u00e4dlichen Lebensumst\u00e4nden und Mustern festzuhalten, lernen Sie flexibel zu werden, sich in \u00dcberg\u00e4nge hineinzubegeben und loszulassen. Dabei hilft Ihnen die zunehmende Vernetzung mit Ihrer Intuition und das Horchen und Vertrauen in Ihre Gef\u00fchle. Langsam w\u00e4chst die F\u00e4higkeit sich auch in schwierigen Lebenssituationen besser zu orientieren und schneller wieder davon erholen zu k\u00f6nnen. Die Feldenkraismethode f\u00f6rdert das gesamte Wohlbefinden und eignet sich f\u00fcr Menschen aller Altersstufen. Sie tr\u00e4gt dazu bei ein selbstbestimmtes, Ihren W\u00fcnschen entsprechendes Leben zu finden und zu f\u00fchren.<\/p>\n<p>Lesen Sie mehr zur Feldenkrais-Methode unter <a href=\"https:\/\/www.gisela-weigand.de\/index.php\/methoden\/feldenkrais-methode\/anwendungsgebiete\/\" target=\"_blank\" rel=\"noopener\">Anwendungsgebiete<\/a>, <a href=\"https:\/\/www.gisela-weigand.de\/index.php\/methoden\/feldenkrais-methode\/erfahrungsmoglichkeiten\/\" target=\"_blank\" rel=\"noopener\">Erfahrungsm\u00f6glichkeiten<\/a> und <a href=\"https:\/\/www.gisela-weigand.de\/index.php\/methoden\/feldenkrais-methode\/moshe-feldenkrais\/\" target=\"_blank\" rel=\"noopener\">Moshe Feldenkrais<\/a><\/p>","protected":false},"excerpt":{"rendered":"<p>Sie bietet Ihnen ein angenehmes Umfeld lustvolles Lernen grundlegend zu erfahren, Ihre Sinne zu sensibilisieren und herauszufinden, wie Sie sich selbst gesund erhalten k\u00f6nnen. Die M\u00f6glichkeiten dazu liegen in Ihnen verborgen und Sie lernen in einem Feldenkraiskurs oder einer Einzelstunde mehr von Ihrem Potential zu nutzen. Aufmerksam werden f\u00fcr eigene Bewegungsarten In facettenreichen Bewegungsabl\u00e4ufen im [&hellip;]<\/p>\n","protected":false},"author":2,"featured_media":0,"parent":12,"menu_order":1,"comment_status":"closed","ping_status":"closed","template":"","meta":{"footnotes":""},"class_list":["post-33","page","type-page","status-publish","hentry"],"wps_subtitle":"Willkommen bei der Feldenkrais-Methode","_links":{"self":[{"href":"https:\/\/www.gisela-weigand.de\/index.php\/wp-json\/wp\/v2\/pages\/33","targetHints":{"allow":["GET"]}}],"collection":[{"href":"https:\/\/www.gisela-weigand.de\/index.php\/wp-json\/wp\/v2\/pages"}],"about":[{"href":"https:\/\/www.gisela-weigand.de\/index.php\/wp-json\/wp\/v2\/types\/page"}],"author":[{"embeddable":true,"href":"https:\/\/www.gisela-weigand.de\/index.php\/wp-json\/wp\/v2\/users\/2"}],"replies":[{"embeddable":true,"href":"https:\/\/www.gisela-weigand.de\/index.php\/wp-json\/wp\/v2\/comments?post=33"}],"version-history":[{"count":28,"href":"https:\/\/www.gisela-weigand.de\/index.php\/wp-json\/wp\/v2\/pages\/33\/revisions"}],"predecessor-version":[{"id":8436,"href":"https:\/\/www.gisela-weigand.de\/index.php\/wp-json\/wp\/v2\/pages\/33\/revisions\/8436"}],"up":[{"embeddable":true,"href":"https:\/\/www.gisela-weigand.de\/index.php\/wp-json\/wp\/v2\/pages\/12"}],"wp:attachment":[{"href":"https:\/\/www.gisela-weigand.de\/index.php\/wp-json\/wp\/v2\/media?parent=33"}],"curies":[{"name":"wp","href":"https:\/\/api.w.org\/{rel}","templated":true}]}}