{"id":2278,"date":"2012-03-25T20:26:57","date_gmt":"2012-03-25T18:26:57","guid":{"rendered":"http:\/\/wp10473852.wp223.webpack.hosteurope.de\/index.php\/"},"modified":"2015-02-09T14:16:29","modified_gmt":"2015-02-09T13:16:29","slug":"fur-wen","status":"publish","type":"page","link":"https:\/\/www.gisela-weigand.de\/index.php\/methoden\/lichtenberger-methode\/fur-wen\/","title":{"rendered":"spannend f\u00fcr wen?"},"content":{"rendered":"<p><strong>&#8222;Sehen (H\u00f6ren) lernen &#8211; dem Auge (Ohr) die Ruhe, Geduld, das An-sich-herankommen-lassen <\/strong><strong>angew\u00f6hnen, das <\/strong><strong>Urteil hinausschieben, den Einzelfall von allen Seiten umgehen und umfassen lernen.&#8220; (Friedrich Nietzsche 1997, mit leichter KlangErg\u00e4nzung)<\/strong><\/p>\n<h3><strong><img loading=\"lazy\" decoding=\"async\" width=\"420\" height=\"190\" class=\"alignnone size-full wp-image-3082\" title=\"Angewandte Stimmphysiologie ist spannend f\u00fcr...\" src=\"https:\/\/www.gisela-weigand.de\/wp-content\/uploads\/2012\/03\/zungekurz.jpg\" alt=\"\" srcset=\"https:\/\/www.gisela-weigand.de\/wp-content\/uploads\/2012\/03\/zungekurz.jpg 420w, https:\/\/www.gisela-weigand.de\/wp-content\/uploads\/2012\/03\/zungekurz-300x135.jpg 300w\" sizes=\"auto, (max-width: 420px) 100vw, 420px\" \/><\/strong>Spannend f\u00fcr wen?<strong> <\/strong><\/h3>\n<p>Das Erleben von funktionalen K\u00f6rper-Klang-Abenteuern ist spannend f\u00fcr Menschen in allen Altersstufen, die sich mit Klang, Sprache und Gesunderhaltung besch\u00e4ftigen, die ihre Stimme weiterentwickeln oder heilen wollen, die sich seelisch, k\u00f6rperlich und spirituell weiterentwickeln m\u00f6chten, z.B.<\/p>\n<ul>\n<li>musizerende, schauspielende, singende, tanzende Menschen, Instrumentalisten\/innen, Laien und Profis<\/li>\n<li>viel Sprechende, wie z.B. JournalistInnen, LehrerInnen, Telefonierende, Theaterp\u00e4dagogInnen, Moderierende, Redenschwingende<\/li>\n<li>\u00c4rztInnen, Logop\u00e4dInnen, Heilp\u00e4dagogInnen, Therapeuten\/innen<\/li>\n<li>f\u00fcr Menschen mit H\u00f6rproblemen und ersch\u00f6pfte Menschen<\/li>\n<li>f\u00fcr Menschen, die in ihrem stimmlichen und k\u00f6rperlichen Ausdruck respektlos behandelt wurden<\/li>\n<li>Menschen, die einfach besser geh\u00f6rt werden oder selbst ihre innere und \u00e4u\u00dfere Stimme entdecken m\u00f6chten<\/li>\n<li>alle, die sich authentisch f\u00fchlen und ihre nat\u00fcrliche Klangfarbe empfangen m\u00f6chten<\/li>\n<li>alle, die ihre Stimme facettenreich einsetzen und ihr ein langes m\u00fcheloses Leben erm\u00f6glichen wollen<\/li>\n<\/ul>\n<h3>Was man erlebt<\/h3>\n<p>Man erlebt Selbstorganisation und Erweckung durch eine fragende, horchende und stimulierende P\u00e4dagogik. Mehrere Elemente beginnen in einem dynamischen Prozess wechselweise zusammenzuwirken (Synergetisches Prinizip). Unser Organismus wird angeregt, sich in sich selbst zu regulieren, neu zu ordnen, zu lernen und auch zu heilen.<\/p>\n<h3>Stimulanzien auf der Klangspielwiese<\/h3>\n<p>Gespielt wird \u00fcberwiegend mit Vokalkl\u00e4ngen, aber auch mit Liedern, Arien, Aphorismen, freier Rede und ihren Ver\u00e4nderbarkeiten in Klang und Pr\u00e4senz.<\/p>\n<ul>\n<li>Durch eine Sensibilisierung unseres H\u00f6rens, innen und au\u00dfen, werden die Ohren zu einem wesentlichen Teil des Singens\/Sprechens und mildern ihre sonst so stark kontrollierende und wertende Instanz.<\/li>\n<li>Stimulanzien k\u00f6nnen akustisch, visuell, assoziativ oder \u00fcber Bewegung und Ber\u00fchrung wirksam werden.<\/li>\n<li>Es sind z.B. Reflexe, Urbilder, Ger\u00e4usche, Tierlaute, Fixierungen, eine lange Papierrolle oder verschiedene Handstellungen, in denen sich Organe, wie Stimmlippen oder Zungenform wiederspiegeln.<\/li>\n<li>Dadurch k\u00f6nnen wir Bereiche in uns erinnern und je nachdem kl\u00e4ren, hemmen oder zum Mitschwingen anregen, die wir willentlich nicht erreichen k\u00f6nnten.<\/li>\n<\/ul>\n<h3>Die Essenzen des Klanges<\/h3>\n<p>Der Klang wird energetischer und zeigt zunehmend seine Essenzen, wie r\u00e4umliche Entfaltung, hohe Frequenzen (Brillanz), Schwingung, Grundton und klare Vokale.<\/p>\n<ul>\n<li>Das Singen\/Sprechen wird leichter und ohne muskul\u00e4re Anstrengung m\u00f6glich.<\/li>\n<li>wir tun es nicht mehr, der Klang kommt zu uns, flie\u00dft durch uns durch und n\u00e4hrt uns, und er kann so aus sich heraus nat\u00fcrlich anwachsen<\/li>\n<li>&#8222;Non si deve piu cantare&#8220;, beschreiben die Italiener dieses faszinierende und heilende Gef\u00fchl, &#8220; man muss nicht mehr singen beim Singen&#8220;<\/li>\n<\/ul>\n<p>Ich t\u00f6ne weiterhin staunend, spielend und immer mal wieder pausierend, auf dem Weg zu meiner Natur. Oder fange ich gerade erst an&#8230;?<\/p>\n<p>Lesen sie auch unter <a href=\"https:\/\/www.gisela-weigand.de\/index.php\/leistungsspektrum\/stimmeauftrittsprasenz\/mogliche-anwendung\/\" target=\"_self\">M\u00f6gliche Anwendung<\/a><\/p>","protected":false},"excerpt":{"rendered":"<p>&#8222;Sehen (H\u00f6ren) lernen &#8211; dem Auge (Ohr) die Ruhe, Geduld, das An-sich-herankommen-lassen angew\u00f6hnen, das Urteil hinausschieben, den Einzelfall von allen Seiten umgehen und umfassen lernen.&#8220; (Friedrich Nietzsche 1997, mit leichter KlangErg\u00e4nzung) Spannend f\u00fcr wen? Das Erleben von funktionalen K\u00f6rper-Klang-Abenteuern ist spannend f\u00fcr Menschen in allen Altersstufen, die sich mit Klang, Sprache und Gesunderhaltung besch\u00e4ftigen, die [&hellip;]<\/p>\n","protected":false},"author":2,"featured_media":0,"parent":203,"menu_order":0,"comment_status":"open","ping_status":"open","template":"","meta":{"footnotes":""},"class_list":["post-2278","page","type-page","status-publish","hentry"],"wps_subtitle":"Abenteuer K\u00f6rper(K)langSein","_links":{"self":[{"href":"https:\/\/www.gisela-weigand.de\/index.php\/wp-json\/wp\/v2\/pages\/2278","targetHints":{"allow":["GET"]}}],"collection":[{"href":"https:\/\/www.gisela-weigand.de\/index.php\/wp-json\/wp\/v2\/pages"}],"about":[{"href":"https:\/\/www.gisela-weigand.de\/index.php\/wp-json\/wp\/v2\/types\/page"}],"author":[{"embeddable":true,"href":"https:\/\/www.gisela-weigand.de\/index.php\/wp-json\/wp\/v2\/users\/2"}],"replies":[{"embeddable":true,"href":"https:\/\/www.gisela-weigand.de\/index.php\/wp-json\/wp\/v2\/comments?post=2278"}],"version-history":[{"count":72,"href":"https:\/\/www.gisela-weigand.de\/index.php\/wp-json\/wp\/v2\/pages\/2278\/revisions"}],"predecessor-version":[{"id":2292,"href":"https:\/\/www.gisela-weigand.de\/index.php\/wp-json\/wp\/v2\/pages\/2278\/revisions\/2292"}],"up":[{"embeddable":true,"href":"https:\/\/www.gisela-weigand.de\/index.php\/wp-json\/wp\/v2\/pages\/203"}],"wp:attachment":[{"href":"https:\/\/www.gisela-weigand.de\/index.php\/wp-json\/wp\/v2\/media?parent=2278"}],"curies":[{"name":"wp","href":"https:\/\/api.w.org\/{rel}","templated":true}]}}