{"id":20,"date":"2010-07-04T15:23:45","date_gmt":"2010-07-04T13:23:45","guid":{"rendered":"http:\/\/www.gisela-weigand.de\/index.php\/"},"modified":"2026-02-17T19:08:20","modified_gmt":"2026-02-17T18:08:20","slug":"kontakt","status":"publish","type":"page","link":"https:\/\/www.gisela-weigand.de\/index.php\/kontakt\/","title":{"rendered":"Kontakt"},"content":{"rendered":"<p>Wenn Sie Fragen zu meinem Angebot haben, einen Kurs oder eine Einzelstunde buchen m\u00f6chten oder ein besonderes Anliegen haben, k\u00f6nnen Sie wie folgt Kontakt mit mir aufnehmen:<\/p>\n<p>GISELA WEIGAND<br \/>\nStudio f\u00fcr Feldenkrais &amp; Stimme<\/p>\n<p>Erfurter Str. 2<br \/>\n<em>35039 Marburg<\/em><\/p>\n<p>Fon: 06421.41508<br \/>\nE-mail: <a href=\"mailto:info@gisela-weigand.de\">info@gisela-weigand.de<\/a><\/p>\n<p><a href=\"https:\/\/www.gisela-weigand.de\/index.php\/\" target=\"_self\" rel=\"noopener noreferrer\">www.gisela-weigand.de<\/a><\/p>\n<p>&#8230;&#8230;&#8230;&#8230;&#8230;&#8230;&#8230;&#8230;&#8230;&#8230;&#8230;&#8230;&#8230;&#8230;&#8230;&#8230;&#8230;&#8230;&#8230;&#8230;&#8230;<\/p>\n<p>GISELA WEIGAND<br \/>\nStudio f\u00fcr Feldenkrais &amp; Stimme<\/p>\n<p>D\u00fcsseldorfer Str. 81<br \/>\n<em>51063 K\u00f6ln<\/em><\/p>\n<p>Fon bleibt: 0221.16869213 (nur in den K\u00f6lnwochen erreichbar)<strong><em><br \/>\n<\/em><\/strong>E-Mail: <a href=\"mailto:info@gisela-weigand.de\">info@gisela-weigand.de<\/a><\/p>\n<p><a href=\"https:\/\/www.gisela-weigand.de\/index.php\/\" target=\"_self\" rel=\"noopener noreferrer\">www.gisela-weigand.de<\/a><\/p>\n<p>&nbsp;<\/p>","protected":false},"excerpt":{"rendered":"<p>Wenn Sie Fragen zu meinem Angebot haben, einen Kurs oder eine Einzelstunde buchen m\u00f6chten oder ein besonderes Anliegen haben, k\u00f6nnen Sie wie folgt Kontakt mit mir aufnehmen: GISELA WEIGAND Studio f\u00fcr Feldenkrais &amp; Stimme Erfurter Str. 2 35039 Marburg Fon: 06421.41508 E-mail: info@gisela-weigand.de www.gisela-weigand.de &#8230;&#8230;&#8230;&#8230;&#8230;&#8230;&#8230;&#8230;&#8230;&#8230;&#8230;&#8230;&#8230;&#8230;&#8230;&#8230;&#8230;&#8230;&#8230;&#8230;&#8230; GISELA WEIGAND Studio f\u00fcr Feldenkrais &amp; Stimme D\u00fcsseldorfer Str. 81 [&hellip;]<\/p>\n","protected":false},"author":2,"featured_media":0,"parent":0,"menu_order":6,"comment_status":"closed","ping_status":"closed","template":"","meta":{"footnotes":""},"class_list":["post-20","page","type-page","status-publish","hentry"],"wps_subtitle":"Kontakt | Anfahrt","_links":{"self":[{"href":"https:\/\/www.gisela-weigand.de\/index.php\/wp-json\/wp\/v2\/pages\/20","targetHints":{"allow":["GET"]}}],"collection":[{"href":"https:\/\/www.gisela-weigand.de\/index.php\/wp-json\/wp\/v2\/pages"}],"about":[{"href":"https:\/\/www.gisela-weigand.de\/index.php\/wp-json\/wp\/v2\/types\/page"}],"author":[{"embeddable":true,"href":"https:\/\/www.gisela-weigand.de\/index.php\/wp-json\/wp\/v2\/users\/2"}],"replies":[{"embeddable":true,"href":"https:\/\/www.gisela-weigand.de\/index.php\/wp-json\/wp\/v2\/comments?post=20"}],"version-history":[{"count":65,"href":"https:\/\/www.gisela-weigand.de\/index.php\/wp-json\/wp\/v2\/pages\/20\/revisions"}],"predecessor-version":[{"id":9435,"href":"https:\/\/www.gisela-weigand.de\/index.php\/wp-json\/wp\/v2\/pages\/20\/revisions\/9435"}],"wp:attachment":[{"href":"https:\/\/www.gisela-weigand.de\/index.php\/wp-json\/wp\/v2\/media?parent=20"}],"curies":[{"name":"wp","href":"https:\/\/api.w.org\/{rel}","templated":true}]}}