{"id":2,"date":"2010-07-04T15:05:19","date_gmt":"2010-07-04T13:05:19","guid":{"rendered":"http:\/\/www.gisela-weigand.de\/?page_id=2"},"modified":"2022-09-15T13:15:36","modified_gmt":"2022-09-15T11:15:36","slug":"weigand","status":"publish","type":"page","link":"https:\/\/www.gisela-weigand.de\/","title":{"rendered":"Feldenkrais &#038; Stimmentfaltung | Gisela Weigand | in K\u00f6ln und Marburg"},"content":{"rendered":"<h2>Kurse und Coaching jenseits der Norm<\/h2>\n<p><strong>Mit Einf\u00fchlungsverm\u00f6gen und Flexibilit\u00e4t unterst\u00fctze ich Sie individuell auf Ihrem Weg zu effektiven, kreativen und gesund erhaltenden Handlungs- und Denkweisen.<\/strong><\/p>\n<p>In einem stimulierenden Dialog mittels Sprache, Ber\u00fchrung, Bewegung und Klang werden Ihre k\u00f6rpereigenen Ressourcen und Funktionen zu Wachheit und Selbstregulation angeregt. Sie erfahren altersunabh\u00e4ngig eine Erweiterung Ihrer Spielr\u00e4ume, erleben Humor, Eigenkompetenz und Leichtigkeit. Dabei erm\u00f6glicht Ihnen die Reduzierung von Druck und Anstrengung das Empfangen einer facettenreichen und nat\u00fcrlichen Pr\u00e4senz von K\u00f6rper und Stimme.<\/p>\n<div class=\"teaser alignleft\">\n<h3>Musikerphysiologie<\/h3>\n<p><a href=\"index.php\/leistungsspektrum\/musikerphysiologie\/\"><img loading=\"lazy\" decoding=\"async\" class=\"alignleft wp-image-92 size-full\" title=\"Coaching f\u00fcr Musiker\" src=\"wp-content\/uploads\/2012\/04\/teaser-dupl-01.jpg\" alt=\"Coaching f\u00fcr Musiker\" width=\"176\" height=\"85\"><\/a><a style=\"padding-left: 0px!important; text-transform: none;\" href=\"index.php\/leistungsspektrum\/musikerphysiologie\/\">Optimierung von K\u00f6rperwahrnehmung, Bewegungsabl\u00e4ufen, Klang und Ausstrahlung im musisch-sch\u00f6pferischen Prozess.<img loading=\"lazy\" decoding=\"async\" class=\"alignright size-full\" title=\"Feldenkrais f\u00fcr Musiker\" src=\"wp-content\/uploads\/2017\/05\/pfeil.jpg\" alt=\"\" width=\"17\" height=\"12\"><\/a><\/p>\n<\/div>\n<div class=\"teaser alignright\">\n<h3>Stimme | Pr\u00e4senz<\/h3>\n<p><a style=\"text-transform: none;\" href=\"index.php\/leistungsspektrum\/stimmeauftrittsprasenz\/\"><img loading=\"lazy\" decoding=\"async\" class=\"alignleft size-full wp-image-92\" title=\"Feldenkrais f\u00fcr Stimme und Pr\u00e4senz\" src=\"wp-content\/uploads\/2012\/04\/teaser-dupl-02.jpg\" alt=\"Feldenkrais f\u00fcr Stimme und Pr\u00e4senz\" width=\"176\" height=\"85\"><br \/>\nEntwicklung einer resonanzreichen und nat\u00fcrlichen Stimm- und K\u00f6rperpr\u00e4senz f\u00fcr Sprechende und Singfreudige.<img loading=\"lazy\" decoding=\"async\" class=\"alignright size-full\" title=\"Feldenkrais f\u00fcr Musiker\" src=\"wp-content\/uploads\/2017\/05\/pfeil.jpg\" alt=\"\" width=\"17\" height=\"12\"><\/a><\/p>\n<\/div>\n<div class=\"teaser alignleft\">\n<h3>Hochsensible | -begabte<\/h3>\n<p><a style=\"text-transform: none;\" href=\"index.php\/leistungsspektrum\/hochsensible-begabte\/\"><img loading=\"lazy\" decoding=\"async\" class=\"alignleft size-full wp-image-92\" title=\"Feldenkrais f\u00fcr Hochsensible-\/begabte\" src=\"wp-content\/uploads\/2012\/04\/teaser-dupl-03.jpg\" alt=\"Feldenkrais f\u00fcr Hochsensible-\/begabte\" width=\"176\" height=\"85\"><br \/>\nBalance und Ermutigung, den eignen Begabungen und\/oder hohen Empfindsamkeiten Raum und N\u00e4hrboden zu geben<img loading=\"lazy\" decoding=\"async\" class=\"alignright size-full\" title=\"Feldenkrais f\u00fcr Musiker\" src=\"wp-content\/uploads\/2017\/05\/pfeil.jpg\" alt=\"\" width=\"17\" height=\"12\"><\/a><\/p>\n<\/div>\n<div class=\"teaser alignright\">\n<h3>Gesundheitsf\u00f6rderung<\/h3>\n<p><a style=\"text-transform: none;\" href=\"index.php\/leistungsspektrum\/gesundheitsforderung-2\/\"><img loading=\"lazy\" decoding=\"async\" class=\"alignleft size-full wp-image-92\" title=\"Feldenkrais als Gesundheitsf\u00f6rderung\" src=\"wp-content\/uploads\/2012\/04\/teaser-dupl-04.jpg\" alt=\"Feldenkrais als Gesundheitsf\u00f6rderung\" width=\"176\" height=\"85\"><br \/>\nPrivat\/betrieblich, Anregung zu Eigenregulation, Selbstsorge, Stressresilienz und positivem Umgang mit Krankheit.<\/a><\/p>\n<\/div>","protected":false},"excerpt":{"rendered":"<p>Kurse und Coaching jenseits der Norm Mit Einf\u00fchlungsverm\u00f6gen und Flexibilit\u00e4t unterst\u00fctze ich Sie individuell auf Ihrem Weg zu effektiven, kreativen und gesund erhaltenden Handlungs- und Denkweisen. In einem stimulierenden Dialog mittels Sprache, Ber\u00fchrung, Bewegung und Klang werden Ihre k\u00f6rpereigenen Ressourcen und Funktionen zu Wachheit und Selbstregulation angeregt. Sie erfahren altersunabh\u00e4ngig eine Erweiterung Ihrer Spielr\u00e4ume, erleben [&hellip;]<\/p>\n","protected":false},"author":2,"featured_media":0,"parent":0,"menu_order":0,"comment_status":"closed","ping_status":"closed","template":"welcome.php","meta":{"footnotes":""},"class_list":["post-2","page","type-page","status-publish","hentry"],"wps_subtitle":"Feldenkrais &amp; Stimme | Gisela Weigand","_links":{"self":[{"href":"https:\/\/www.gisela-weigand.de\/index.php\/wp-json\/wp\/v2\/pages\/2","targetHints":{"allow":["GET"]}}],"collection":[{"href":"https:\/\/www.gisela-weigand.de\/index.php\/wp-json\/wp\/v2\/pages"}],"about":[{"href":"https:\/\/www.gisela-weigand.de\/index.php\/wp-json\/wp\/v2\/types\/page"}],"author":[{"embeddable":true,"href":"https:\/\/www.gisela-weigand.de\/index.php\/wp-json\/wp\/v2\/users\/2"}],"replies":[{"embeddable":true,"href":"https:\/\/www.gisela-weigand.de\/index.php\/wp-json\/wp\/v2\/comments?post=2"}],"version-history":[{"count":178,"href":"https:\/\/www.gisela-weigand.de\/index.php\/wp-json\/wp\/v2\/pages\/2\/revisions"}],"predecessor-version":[{"id":8379,"href":"https:\/\/www.gisela-weigand.de\/index.php\/wp-json\/wp\/v2\/pages\/2\/revisions\/8379"}],"wp:attachment":[{"href":"https:\/\/www.gisela-weigand.de\/index.php\/wp-json\/wp\/v2\/media?parent=2"}],"curies":[{"name":"wp","href":"https:\/\/api.w.org\/{rel}","templated":true}]}}