{"id":182,"date":"2011-06-21T14:09:43","date_gmt":"2011-06-21T12:09:43","guid":{"rendered":"http:\/\/wp10473852.wp223.webpack.hosteurope.de\/index.php\/"},"modified":"2017-10-22T14:38:42","modified_gmt":"2017-10-22T12:38:42","slug":"stimmeauftrittsprasenz","status":"publish","type":"page","link":"https:\/\/www.gisela-weigand.de\/index.php\/leistungsspektrum\/stimmeauftrittsprasenz\/","title":{"rendered":"Stimme | Pr\u00e4senz"},"content":{"rendered":"<h3>Der Mensch im Klang seiner Stimme<\/h3>\n<p><strong>Wodurch erreicht oder ber\u00fchrt uns eine Pers\u00f6nlichkeit &#8211; eine Stimme? Wann begeistert oder inspiriert uns eine Pr\u00e4sentation?<\/strong> <strong>Wie oder wo f\u00fchlen wir uns wohl<\/strong> <strong>mit unserer Stimme? Woher kommt sie? Wie wenig braucht es f\u00fcr eine klare Pr\u00e4senz? Ich begebe mich mit Ihnen auf eine spannende und staunenswerte <\/strong><strong>Entdeckungsreise in die Heimat Ihrer Stimme, zu dem Ursprung Ihrer Gesten und zur Kraft Ihrer Ideen-Melodien.<br \/>\n<\/strong><\/p>\n<h3>Uralte Wurzeln, Vielsaat und Zauberkraft<\/h3>\n<p>Eine oder unsere eigene Stimme regt an, uns in ihr zuerkennen. Sie vermag es uns aufzurichten und uns in Bewegung zu bringen.<br \/>\nSie hat die Kraft uns zu heilen und uns mit anderen zu verbinden. Wir k\u00f6nnen sie innen und au\u00dfen f\u00fchlen, und sie sichert unser \u00dcberleben.<\/p>\n<h3>Jenseits von kulturellen Programmen und Zielorientiertheit<\/h3>\n<p>Dialogisch und situationsbezogen entwickeln sich Bewegungs-Klang-Sprachspiele. Mal improvisieren wir mit (Klang)Materialien, Vokalen, Rhythmus, Atemgesp\u00fcr und Refleximpulsen. Mal sp\u00fcren wir uns in Ritualen, Ges\u00e4ngen, Liedern, Poesie, Reden, imaginativen und archetypischen Bildern. Sie stimulieren in uns K\u00f6rperwachheit, Selbstempfang und Eigenregulation. Und sie \u00f6ffnen uns wieder den Zugang zu lang verdr\u00e4ngtem Urwissen. Stimmliche Funktionen und die dem Klang eigenen Essenzen werden dadurch h\u00f6r- und f\u00fchlbar lebendiger.<\/p>\n<h3>Werde ich geh\u00f6rt und (wie) h\u00f6re ich mich selbst?<\/h3>\n<p>In uns erwacht Gewebeschwingung, Differenzierung der einzelnen Stimmfunktionen und die Integration von menschlichen Seinszust\u00e4nden in den Stimmklang. Sie werden wiederum als Parameter in reicherem und individuellerem Klang h\u00f6rbar. Zu Ihnen geh\u00f6ren u.a. regelm\u00e4\u00dfige Schwingung, hohe Frequenzen, &#8222;Eigenger\u00e4usch&#8220; und klare Vokale. Als solche wirken sie auf unser System verst\u00e4rkend zur\u00fcck, je mehr unsere Ohren und unser kin\u00e4sthetischer Sinn f\u00fcr sie sensibilisiert werden k\u00f6nnen. Der Atem harmonisiert sich, und der Klang beginnt sich r\u00e4umlicher zu entfalten.<\/p>\n<h3>Der Kreislauf mit mir selbst und mit meinen Zuh\u00f6rer\/Innen<\/h3>\n<p>Im Moment der Pr\u00e4sentation werden die selben K\u00f6rperfunktionen und Klangparameter auch im Biosystem unserer Zuh\u00f6rer abgerufen. Sie f\u00fchlen sich dadurch h\u00e4ufig beschwingt, ber\u00fchrt, inspririert, gespiegelt oder verbunden. Ich werde geh\u00f6rt und meist unbewusst besser verstanden. Auch meine Ideen oder Melodien werden leichter und klarer transportierbar. Ich bem\u00fche mich weniger, meine Pr\u00e4senz ist mir gem\u00e4\u00dfer und einfacher. Muster, hervorgerufen durch Willenskraft, Ehrgeiz oder &#8222;Bedienen wollen&#8220; \u00e4u\u00dferer Anspr\u00fcche verblassen. Ich sende und empfange mich und meine Zuh\u00f6rerInnen in offenporigem Dialog.<\/p>\n<h3>Unsch\u00e4rfe bewirkt erh\u00f6hte Eigenresonanz<\/h3>\n<p>Der Kehlkopf ist in einem Skelett muskul\u00e4r eingespannt. Die Stimmlippen w\u00fcnschen sich so wenig wie m\u00f6glich Einmischung durch externe muskul\u00e4re Anstrengung, um ihre Schwingf\u00e4higkeit aus sich heraus leben zu k\u00f6nnen. Sie pendeln zwischen \u00d6ffnen und Schlie\u00dfen, in einem por\u00f6sen Prozess. Sch\u00e4rfe hingegen bringt Festigkeit der Muskulatur, Festschreibung und Enge. Sie l\u00e4sst kaum Wahlm\u00f6glichkeiten und f\u00fchrt schneller zu Selbstverletzung. Der Klang bleibt flach und farblos, die Gestik k\u00fcnstlich und andere manipulierend.<\/p>\n<h3>Die Umkehrbarkeit von Ursache und Wirkung<\/h3>\n<p>Freier schwingender und aufgerichteter Klang f\u00fchrt auch zu Aufrichtung und Harmonisierung von K\u00f6rper, Seele und Psyche. Er konfrontiert sich anderen Menschen, denen ich begegne, nicht br\u00fcsk. Er l\u00e4sst auch Ihnen Freiraum, macht neugierig, ist geheimnisvoll, l\u00e4dt ein zu Selbstgesp\u00fcr, Ruhe, Fragen und Handlungsspiel. Umgekehrt f\u00fchren auch k\u00f6rperliche Aufrichtung, muskul\u00e4re L\u00e4nge und eine Balance aus der Mitte heraus zu einer strahlf\u00e4higeren, lassenderen Klang- und K\u00f6rpersprache. Was ich zu sagen habe, wird anregend und glaubw\u00fcrdig im Klang meiner Stimme.<\/p>\n<p>Hier ist es sinngebend somatische Methoden wie Feldenkrais und sensorische Stimmentwicklung sich gegenseitig befruchtend zu verbinden. Lesen Sie mehr dazu unter <a href=\"https:\/\/www.gisela-weigand.de\/index.php\/leistungsspektrum\/stimmeauftrittsprasenz\/mogliche-anwendung\/\" target=\"_blank\">M\u00f6gliche Anwendungen<\/a> unter <a href=\"https:\/\/www.gisela-weigand.de\/index.php\/leistungsspektrum\/methoden\/\" target=\"_self\">Methoden<\/a> und <a href=\"https:\/\/www.gisela-weigand.de\/index.php\/leistungsspektrum\/meine-arbeitsweisen\/\" target=\"_self\">meine Arbeitsweisen<\/a><\/p>","protected":false},"excerpt":{"rendered":"<p>Der Mensch im Klang seiner Stimme Wodurch erreicht oder ber\u00fchrt uns eine Pers\u00f6nlichkeit &#8211; eine Stimme? Wann begeistert oder inspiriert uns eine Pr\u00e4sentation? Wie oder wo f\u00fchlen wir uns wohl mit unserer Stimme? Woher kommt sie? Wie wenig braucht es f\u00fcr eine klare Pr\u00e4senz? Ich begebe mich mit Ihnen auf eine spannende und staunenswerte Entdeckungsreise [&hellip;]<\/p>\n","protected":false},"author":2,"featured_media":0,"parent":35,"menu_order":4,"comment_status":"closed","ping_status":"closed","template":"","meta":{"footnotes":""},"class_list":["post-182","page","type-page","status-publish","hentry"],"wps_subtitle":"Stimmentfaltung und Pr\u00e4senzentwicklung","_links":{"self":[{"href":"https:\/\/www.gisela-weigand.de\/index.php\/wp-json\/wp\/v2\/pages\/182","targetHints":{"allow":["GET"]}}],"collection":[{"href":"https:\/\/www.gisela-weigand.de\/index.php\/wp-json\/wp\/v2\/pages"}],"about":[{"href":"https:\/\/www.gisela-weigand.de\/index.php\/wp-json\/wp\/v2\/types\/page"}],"author":[{"embeddable":true,"href":"https:\/\/www.gisela-weigand.de\/index.php\/wp-json\/wp\/v2\/users\/2"}],"replies":[{"embeddable":true,"href":"https:\/\/www.gisela-weigand.de\/index.php\/wp-json\/wp\/v2\/comments?post=182"}],"version-history":[{"count":116,"href":"https:\/\/www.gisela-weigand.de\/index.php\/wp-json\/wp\/v2\/pages\/182\/revisions"}],"predecessor-version":[{"id":6391,"href":"https:\/\/www.gisela-weigand.de\/index.php\/wp-json\/wp\/v2\/pages\/182\/revisions\/6391"}],"up":[{"embeddable":true,"href":"https:\/\/www.gisela-weigand.de\/index.php\/wp-json\/wp\/v2\/pages\/35"}],"wp:attachment":[{"href":"https:\/\/www.gisela-weigand.de\/index.php\/wp-json\/wp\/v2\/media?parent=182"}],"curies":[{"name":"wp","href":"https:\/\/api.w.org\/{rel}","templated":true}]}}