{"id":18,"date":"2010-07-04T15:22:57","date_gmt":"2010-07-04T13:22:57","guid":{"rendered":"http:\/\/www.gisela-weigand.de\/index.php\/"},"modified":"2022-12-08T13:46:15","modified_gmt":"2022-12-08T12:46:15","slug":"terminangebot","status":"publish","type":"page","link":"https:\/\/www.gisela-weigand.de\/index.php\/terminangebot\/","title":{"rendered":"Terminangebot"},"content":{"rendered":"<p><strong>Herzlich willkommen im Angebot des Studios f\u00fcr Feldenkrais &amp; Stimme. Sie finden hier Kurse, Einzelstunden, Workshops,&nbsp; Seminarwochen und vieles mehr beweglich miteinander kombinierbar. Ich lade Sie ein neugierig in der Schatzkiste zu st\u00f6bern und einfach auszuprobieren.<\/strong><\/p>\n<h3>Das Angebot jenseits der Norm<\/h3>\n<p>Feldenkrais \u00b7 angewandte Stimm- und Musikerphysiologie \u00b7 Ressourcen st\u00e4rkende Supervision \u00b7 Coaching beruflich und privat \u00b7 F\u00f6rderung von hochsensiblen und hochbegabten Ewachsenen und Kindern \u00b7 Gesundheitsf\u00f6rderung \u00b7 K\u00f6rperKlangTheater \u00b7 Seminare f\u00fcr F\u00fchrungskr\u00e4fte \u00b7 Begleitung kreativer, k\u00fcnstlerischer und kultureller Projekte \u00b7 Potentialentwicklung f\u00fcr Firmen \u00b7 Unterst\u00fctzung von Menschen mit Besonderheiten und Handicap \u00b7 Entwicklung f\u00fcr Senioren und Kinder<\/p>\n<h3>Sie erleben in der Kommunikation mit mir<\/h3>\n<ul>\n<li>Wertsch\u00e4tzung, Offenheit, Humor und Authentizit\u00e4t<\/li>\n<li>gro\u00dfe Sensibilit\u00e4t im sozialen und emotionalen Bereich<\/li>\n<li>reiche Denkleistung und sehr gute Analysef\u00e4higkeit<\/li>\n<li>Pr\u00e4zision, Charme und Feinheit in der Ausf\u00fchrung<\/li>\n<li>Wegbereitung auch f\u00fcr Unbequemes und Ungew\u00f6hnliches<\/li>\n<li>au\u00dfergew\u00f6hnliche Fantasie und Kreativit\u00e4t<\/li>\n<li>komplexe sprachliche F\u00e4higkeiten<\/li>\n<li>lebensnahe Vermittlung, Durchhalteverm\u00f6gen und Mut<\/li>\n<li>hohes Abstraktionsverm\u00f6gen und direkte Umsetzung von Impulsen<\/li>\n<li>Unterst\u00fctzung nachhaltiger Projekte und Angebote<\/li>\n<\/ul>\n<p>Haben Sie besondere W\u00fcnsche und Ideen? Dann weihen Sie mich gerne ein. Mit Humor und wacher Intuition suche ich mit Ihnen individuell angemessene Wege. Ich freue mich auf Ihre Geschichten und auf vielschichtige Herausforderungen!<\/p>","protected":false},"excerpt":{"rendered":"<p>Herzlich willkommen im Angebot des Studios f\u00fcr Feldenkrais &amp; Stimme. Sie finden hier Kurse, Einzelstunden, Workshops,&nbsp; Seminarwochen und vieles mehr beweglich miteinander kombinierbar. Ich lade Sie ein neugierig in der Schatzkiste zu st\u00f6bern und einfach auszuprobieren. Das Angebot jenseits der Norm Feldenkrais \u00b7 angewandte Stimm- und Musikerphysiologie \u00b7 Ressourcen st\u00e4rkende Supervision \u00b7 Coaching beruflich und [&hellip;]<\/p>\n","protected":false},"author":2,"featured_media":0,"parent":0,"menu_order":0,"comment_status":"closed","ping_status":"closed","template":"angebot.php","meta":{"footnotes":""},"class_list":["post-18","page","type-page","status-publish","hentry"],"wps_subtitle":"Feldenkrais &amp; Stimme - Gisela Weigand | K\u00f6ln &amp; Marburg | Terminangebot","_links":{"self":[{"href":"https:\/\/www.gisela-weigand.de\/index.php\/wp-json\/wp\/v2\/pages\/18","targetHints":{"allow":["GET"]}}],"collection":[{"href":"https:\/\/www.gisela-weigand.de\/index.php\/wp-json\/wp\/v2\/pages"}],"about":[{"href":"https:\/\/www.gisela-weigand.de\/index.php\/wp-json\/wp\/v2\/types\/page"}],"author":[{"embeddable":true,"href":"https:\/\/www.gisela-weigand.de\/index.php\/wp-json\/wp\/v2\/users\/2"}],"replies":[{"embeddable":true,"href":"https:\/\/www.gisela-weigand.de\/index.php\/wp-json\/wp\/v2\/comments?post=18"}],"version-history":[{"count":58,"href":"https:\/\/www.gisela-weigand.de\/index.php\/wp-json\/wp\/v2\/pages\/18\/revisions"}],"predecessor-version":[{"id":8487,"href":"https:\/\/www.gisela-weigand.de\/index.php\/wp-json\/wp\/v2\/pages\/18\/revisions\/8487"}],"wp:attachment":[{"href":"https:\/\/www.gisela-weigand.de\/index.php\/wp-json\/wp\/v2\/media?parent=18"}],"curies":[{"name":"wp","href":"https:\/\/api.w.org\/{rel}","templated":true}]}}