{"id":177,"date":"2011-06-21T14:01:27","date_gmt":"2011-06-21T12:01:27","guid":{"rendered":"http:\/\/wp10473852.wp223.webpack.hosteurope.de\/index.php\/"},"modified":"2017-10-22T14:36:23","modified_gmt":"2017-10-22T12:36:23","slug":"musikerphysiologie","status":"publish","type":"page","link":"https:\/\/www.gisela-weigand.de\/index.php\/leistungsspektrum\/musikerphysiologie\/","title":{"rendered":"Musikerphysiologie"},"content":{"rendered":"<p><strong>&#8222;Mit Leichtigkeit und Brillanz musizieren&#8220;<\/strong><\/p>\n<h3>HOHE ANFORDERUNGEN UND EMPFINDSAMES GEM\u00dcT<\/h3>\n<p>Im MusikerInnenleben \u00fcberlagern sich gleichzeitig hohe Anforderungen, ein starker Leistungswille und Pr\u00e4zisionsanspruch mit einem empfindsamen Gef\u00fchlsleben. Zus\u00e4tzlich tragen h\u00e4ufig unwegsame R\u00e4umlichkeiten, Reiset\u00e4tigkeit, schwierige H\u00f6r- oder Sichtverh\u00e4ltnisse, z.B. auf B\u00fchne oder im Orchestergraben, zu Stresseinwirkung und ung\u00fcnstiger Disposition bei. Diese Belastungen sind mir aus eigener musischer Erfahrung sehr gut bekannt.<\/p>\n<h3><img loading=\"lazy\" decoding=\"async\" width=\"420\" height=\"190\" class=\"alignnone size-full wp-image-2550\" title=\"Klangf\u00fclle und nat\u00fcrliche Pr\u00e4senz durch Feldenkrais f\u00fcr MusikerInnen\" src=\"https:\/\/www.gisela-weigand.de\/wp-content\/uploads\/2011\/09\/nasyageigendimgarten.jpg\" alt=\"\" srcset=\"https:\/\/www.gisela-weigand.de\/wp-content\/uploads\/2011\/09\/nasyageigendimgarten.jpg 420w, https:\/\/www.gisela-weigand.de\/wp-content\/uploads\/2011\/09\/nasyageigendimgarten-300x135.jpg 300w\" sizes=\"auto, (max-width: 420px) 100vw, 420px\" \/>OPTIMIERUNG VON LEISTUNGSF\u00c4HIGKEIT UND MUSIZIERFREUDE<\/h3>\n<p>Ich biete Ihnen daher ein verst\u00e4ndnisvolles, auf Ihre Situation individuell eingehendes Coaching f\u00fcr Musikerinnen und Musiker aller Richtungen. Ziel ist es, Ihre Leistungsf\u00e4higkeit und Ihre Musizierfreude langfristig und vorbeugend zu optimieren oder auch wiederherzustellen. Dabei geht es gleicherma\u00dfen um eine Verbesserung des Selbstgebrauchs, z.B. bei schneller Erm\u00fcdung oder bei Schmerzen, wie auch um eine ressourcenst\u00e4rkende Begleitung in psycho-somatischen Anliegen. H\u00e4ufig gilt es auch genetisch ererbte oder durch Unf\u00e4lle hervorgerufene physiologische Schwachstellen zu entlasten und wieder in das kreative Wirken zur\u00fcckzuholen.<\/p>\n<h3>Reiches KLANGPOTENTIAL UND vielschichtige Ausstrahlung<\/h3>\n<p>Ihr Organismus hat die F\u00e4higkeit selbstregulativ eine leichtere und freudigere Musizierweise zu entwickeln, je resonanzreicher Ihr Klang von Ihnen selbst wahrgenommen wird. Indem Sie also lernen, ein \u201esich selbst F\u00fchlen und H\u00f6ren\u201c zunehmend bewusster und wertfreier in den musischen Prozess miteinzubeziehen, erfahren Sie mehr Klangdurchl\u00e4ssigkeit und auch ein m\u00fcheloseres Bewegungsspiel. Das l\u00e4sst Sie bei Ihrem Auftritt selbstbewusster, angstfreier und spontaner sein. Individuell und im Ensemble wird so eine vielf\u00e4ltige Entwicklung in der Wahrnehmung von Raum, Atmung, Koordination, Dynamik, Klang, Pr\u00e4senz und Freiheit erlebbar.<\/p>\n<h3>Gesunde und positive Handlungsweisen integrieren<\/h3>\n<p>In meinem Unterrichtsstil mischen sich die <a title=\"Die Feldenkrais Methode\" href=\"https:\/\/www.gisela-weigand.de\/index.php\/feldenkrais\/methode\/\" target=\"_self\">FELDENKRAIS\u00aeMETHODE<\/a>, die klang- und k\u00f6rperorientierte <a title=\"Lichtenberger Methode\" href=\"https:\/\/www.gisela-weigand.de\/index.php\/feldenkrais\/leistungsangebot\/lichtenberger-methode\/\" target=\"_self\">LICHTENBERGER\u00aeMETHODE<\/a> f\u00fcr Stimme und Instrument, die Musikerdispokinesis und Elemente aus dem Chi Gong. Auch psycho-imaginative, hypno-systemische und energetische Techniken kommen zum Einsatz. Sie erm\u00f6glichen Ihnen, sich eigener ung\u00fcnstiger Gewohnheiten bewusst zu werden und neue gesunde und positive Handlungsweisen in Ihren k\u00fcnstlerischen Alltag zu integrieren. Zur Methodik siehe auch <a title=\"Hochsensible\/-begabte\" href=\"https:\/\/www.gisela-weigand.de\/index.php\/feldenkrais\/leistungsangebot\/hochsensible-begabte\/\" target=\"_self\">HOCHSENSIBLE\/-BEGABTE<\/a>.<\/p>\n<p>Lesen Sie mehr zu Musikeranliegen unter <a href=\"https:\/\/www.gisela-weigand.de\/index.php\/leistungsspektrum\/musikerphysiologie\/was-erwarten-sie\/\" target=\"_blank\">Was Sie erwartet<\/a><\/p>\n<p>Unter \u00e4hnlichen Prinzipien f\u00f6rdere ich auch T\u00e4nzerInnen, SportlerInnen, SchauspielerInnen&#8230;<\/p>","protected":false},"excerpt":{"rendered":"<p>&#8222;Mit Leichtigkeit und Brillanz musizieren&#8220; HOHE ANFORDERUNGEN UND EMPFINDSAMES GEM\u00dcT Im MusikerInnenleben \u00fcberlagern sich gleichzeitig hohe Anforderungen, ein starker Leistungswille und Pr\u00e4zisionsanspruch mit einem empfindsamen Gef\u00fchlsleben. Zus\u00e4tzlich tragen h\u00e4ufig unwegsame R\u00e4umlichkeiten, Reiset\u00e4tigkeit, schwierige H\u00f6r- oder Sichtverh\u00e4ltnisse, z.B. auf B\u00fchne oder im Orchestergraben, zu Stresseinwirkung und ung\u00fcnstiger Disposition bei. Diese Belastungen sind mir aus eigener musischer [&hellip;]<\/p>\n","protected":false},"author":2,"featured_media":0,"parent":35,"menu_order":3,"comment_status":"closed","ping_status":"closed","template":"","meta":{"footnotes":""},"class_list":["post-177","page","type-page","status-publish","hentry"],"wps_subtitle":"Musikercoaching und Musikerphysiologie","_links":{"self":[{"href":"https:\/\/www.gisela-weigand.de\/index.php\/wp-json\/wp\/v2\/pages\/177","targetHints":{"allow":["GET"]}}],"collection":[{"href":"https:\/\/www.gisela-weigand.de\/index.php\/wp-json\/wp\/v2\/pages"}],"about":[{"href":"https:\/\/www.gisela-weigand.de\/index.php\/wp-json\/wp\/v2\/types\/page"}],"author":[{"embeddable":true,"href":"https:\/\/www.gisela-weigand.de\/index.php\/wp-json\/wp\/v2\/users\/2"}],"replies":[{"embeddable":true,"href":"https:\/\/www.gisela-weigand.de\/index.php\/wp-json\/wp\/v2\/comments?post=177"}],"version-history":[{"count":38,"href":"https:\/\/www.gisela-weigand.de\/index.php\/wp-json\/wp\/v2\/pages\/177\/revisions"}],"predecessor-version":[{"id":6390,"href":"https:\/\/www.gisela-weigand.de\/index.php\/wp-json\/wp\/v2\/pages\/177\/revisions\/6390"}],"up":[{"embeddable":true,"href":"https:\/\/www.gisela-weigand.de\/index.php\/wp-json\/wp\/v2\/pages\/35"}],"wp:attachment":[{"href":"https:\/\/www.gisela-weigand.de\/index.php\/wp-json\/wp\/v2\/media?parent=177"}],"curies":[{"name":"wp","href":"https:\/\/api.w.org\/{rel}","templated":true}]}}