{"id":14,"date":"2010-07-04T15:21:26","date_gmt":"2010-07-04T13:21:26","guid":{"rendered":"http:\/\/www.gisela-weigand.de\/index.php\/"},"modified":"2015-06-22T10:26:40","modified_gmt":"2015-06-22T08:26:40","slug":"zur-person","status":"publish","type":"page","link":"https:\/\/www.gisela-weigand.de\/index.php\/zur-person\/","title":{"rendered":"Zur Person"},"content":{"rendered":"<p><strong>\u201eAdieu,\u201c sagte der Fuchs. \u201eHier ist mein Geheimnis. Es ist ganz einfach: Man sieht nur mit dem Herzen gut. Das Wesentliche ist f\u00fcr die Augen unsichtbar!\u201c (Der Kleine Prinz, Antoine de Saint-Exupery)<\/strong><\/p>\n<p><img loading=\"lazy\" decoding=\"async\" width=\"420\" height=\"190\" class=\"alignleft size-full wp-image-802\" title=\"Gisela Weigand\" src=\"https:\/\/www.gisela-weigand.de\/wp-content\/uploads\/2012\/01\/gweigand.jpg\" alt=\"Portr\u00e4t Gisela Weigand\" srcset=\"https:\/\/www.gisela-weigand.de\/wp-content\/uploads\/2012\/01\/gweigand.jpg 420w, https:\/\/www.gisela-weigand.de\/wp-content\/uploads\/2012\/01\/gweigand-300x135.jpg 300w\" sizes=\"auto, (max-width: 420px) 100vw, 420px\" \/><\/p>\n<p>Es gibt nicht immer eine L\u00f6sung. Es k\u00f6nnte sich aber auch durchaus schon lohnen nur nach einer weiteren M\u00f6glichkeit zu suchen. Gerne assistiere ich Ihnen dabei&#8230;<\/p>\n<h3>Bunte Freigeistin,<\/h3>\n<h3>zitronenfalterleicht,<\/h3>\n<h3>lauscht in der Tiefe,<\/h3>\n<h3>abstrahiert geschwind,<\/h3>\n<h3>spiegelt spielend,<\/h3>\n<h3>imaginiert und (be)leuchtet,<\/h3>\n<h3>neue Ufer schillernd,<\/h3>\n<h3>ohne Eile.<\/h3>","protected":false},"excerpt":{"rendered":"<p>\u201eAdieu,\u201c sagte der Fuchs. \u201eHier ist mein Geheimnis. Es ist ganz einfach: Man sieht nur mit dem Herzen gut. Das Wesentliche ist f\u00fcr die Augen unsichtbar!\u201c (Der Kleine Prinz, Antoine de Saint-Exupery) Es gibt nicht immer eine L\u00f6sung. Es k\u00f6nnte sich aber auch durchaus schon lohnen nur nach einer weiteren M\u00f6glichkeit zu suchen. Gerne assistiere [&hellip;]<\/p>\n","protected":false},"author":2,"featured_media":0,"parent":0,"menu_order":4,"comment_status":"open","ping_status":"closed","template":"","meta":{"footnotes":""},"class_list":["post-14","page","type-page","status-publish","hentry"],"wps_subtitle":"Bunte Freigeistin und humorvolle Empathin","_links":{"self":[{"href":"https:\/\/www.gisela-weigand.de\/index.php\/wp-json\/wp\/v2\/pages\/14","targetHints":{"allow":["GET"]}}],"collection":[{"href":"https:\/\/www.gisela-weigand.de\/index.php\/wp-json\/wp\/v2\/pages"}],"about":[{"href":"https:\/\/www.gisela-weigand.de\/index.php\/wp-json\/wp\/v2\/types\/page"}],"author":[{"embeddable":true,"href":"https:\/\/www.gisela-weigand.de\/index.php\/wp-json\/wp\/v2\/users\/2"}],"replies":[{"embeddable":true,"href":"https:\/\/www.gisela-weigand.de\/index.php\/wp-json\/wp\/v2\/comments?post=14"}],"version-history":[{"count":37,"href":"https:\/\/www.gisela-weigand.de\/index.php\/wp-json\/wp\/v2\/pages\/14\/revisions"}],"predecessor-version":[{"id":105,"href":"https:\/\/www.gisela-weigand.de\/index.php\/wp-json\/wp\/v2\/pages\/14\/revisions\/105"}],"wp:attachment":[{"href":"https:\/\/www.gisela-weigand.de\/index.php\/wp-json\/wp\/v2\/media?parent=14"}],"curies":[{"name":"wp","href":"https:\/\/api.w.org\/{rel}","templated":true}]}}