{"id":1240,"date":"2012-02-19T17:54:17","date_gmt":"2012-02-19T16:54:17","guid":{"rendered":"http:\/\/wp10473852.wp223.webpack.hosteurope.de\/index.php\/"},"modified":"2026-02-17T18:57:29","modified_gmt":"2026-02-17T17:57:29","slug":"einzelstunden","status":"publish","type":"page","link":"https:\/\/www.gisela-weigand.de\/index.php\/agb\/einzelstunden\/","title":{"rendered":"Einzelunterricht"},"content":{"rendered":"<h3>Anmeldung und Terminvereinbarung f\u00fcr Einzelstunden<\/h3>\n<ul>\n<li>Termine f\u00fcr Einzelunterricht und Supervision werden pers\u00f6nlich per Telefon oder Email vereinbart.<\/li>\n<li>Sp\u00e4testens beim ersten Termin f\u00fcllen Sie einmalig eine schriftliche Anmeldung aus.<\/li>\n<li>Ihre Daten werden selbstverst\u00e4ndlich vertraulich behandelt.<\/li>\n<\/ul>\n<h3><img decoding=\"async\" class=\"alignnone\" title=\"Feldenkrais Einzelunterricht zur Mobilisierung der Hand\" src=\"https:\/\/www.gisela-weigand.de\/wp-content\/uploads\/2012\/03\/handfi.jpg\" alt=\"Einzelunterricht Feldenkrais und Stimmenwicklung, Gisela Weigand, in K\u00f6ln, Overath, Marburg\" \/>Gesch\u00e4ftsbedingungen<\/h3>\n<ul>\n<li>Die Geb\u00fchr f\u00fcr Einzelunterricht wird direkt nach dem Unterricht entrichtet. Sie erhalten einen schriftlichen Zahlungsbeleg.<\/li>\n<li>F\u00fcr die Gesamtrechnung entsprechend Ihres Verwendungsbereiches, inklusive Zahlungsbest\u00e4tigung, werden gerne mehrere Stunden angesammelt.<\/li>\n<li>Au\u00dferdem ist eine \u00dcberweisung der Geb\u00fchr nach stundenweiser Rechnungsnahme m\u00f6glich.<\/li>\n<\/ul>\n<h3>Unterrichtsgeb\u00fchr<\/h3>\n<ul>\n<li>Das Honorar f\u00fcr Einzelstunden in Feldenkrais, Stimm- und Musikerphysiologie, Supervision, Coaching erfahren Sie bei der Institutsleitung.<\/li>\n<li>Das Honorar richtet sich individuell nach der Unterrichtsl\u00e4nge und bei Workshops nach dem Unterrichtsort.<\/li>\n<\/ul>\n<h3>Terminabsage<\/h3>\n<ul>\n<li>Telefonisch oder per Email ausgemachte Termine sind verbindlich.<\/li>\n<li>Eine Terminabsage ist grunds\u00e4tzlich bis zu 24 Stunden vorher, an einigen Orten bis 48 Stunden vorher m\u00f6glich. Dies wird bei der ersten Stunde festgelegt.<\/li>\n<li>Bei einer Absage nach der festgelegten Frist wird die gesamte Unterrichtsgeb\u00fchr f\u00fcr 60 Minuten oder f\u00fcr die sonstige vereinbarte Kursl\u00e4nge in Rechnung gestellt.<\/li>\n<\/ul>\n<h3>Unterrichtsl\u00e4nge<\/h3>\n<ul>\n<li>Die L\u00e4nge von Einzelstunden ergibt sich aus Ihrem individuellen Bedarf.<\/li>\n<li>Sie betr\u00e4gt generell als Basis 60 Minuten und wenigstens 45 Minuten.<\/li>\n<li>Zeitliche Verl\u00e4ngerungen sind im Rhythmus von Viertelstunden m\u00f6glich und werden individuell abgesprochen und viertelst\u00fcndlich berechnet.<\/li>\n<li>F\u00fcr Termine mit Erstgespr\u00e4ch ist eine Unterrichtszeit von 90 Minuten empfehlenswert, aber nicht zwingend.<\/li>\n<\/ul>\n<h3>Turnus<\/h3>\n<ul>\n<li>Die H\u00e4ufigkeit von Einzelstunden h\u00e4ngt von Ihren W\u00fcnschen und von Ihrem pers\u00f6nlichen Verarbeitungsrhythmus ab.<\/li>\n<li>Bei einem komplexen Thema sind zun\u00e4chst mehrere Sitzungen in k\u00fcrzeren Zeitabst\u00e4nden empfehlenswert.<\/li>\n<li>Wirkungsweisen und Entwicklungswege sind aber nicht im Vorfeld festschreibbar.<\/li>\n<li>Eine Kombination mit Kursen kann aufgrund der anderen Anwendungsart sehr wirksam sein.<\/li>\n<li>Auch gibt es die M\u00f6glichkeit blockweise mehrere Stunden auf einmal zu buchen. Dies bietet sich an bei komplexen Themen, in Kombination mit Stimme oder Instrument, und wenn Sie von weiter her kommen.<\/li>\n<\/ul>\n<h3>Unterrichtsorte f\u00fcr Einzelstunden<\/h3>\n<p>Studio f\u00fcr Feldenkrais &amp; Stimme | 35039 Marburg \u00b7 Erfurter Str. 2<br \/>\nStudio f\u00fcr Feldenkrais &amp; Stimme | 51063 K\u00f6ln \u00b7 D\u00fcsseldorfer Str. 81<\/p>\n<h3>Sonderregelungen<\/h3>\n<p>Menschen mit sehr geringem Einkommen, Rente oder Arbeitslosgengeld II Empf\u00e4ngerInnen k\u00f6nnen sich an die Gesch\u00e4ftsf\u00fchrerin wenden. Bei Vorlage entsprechender Unterlagen kann in Einzelf\u00e4llen eine Erm\u00e4\u00dfigung vereinbart werden.<\/p>\n<h3>Hausbesuche<\/h3>\n<p>F\u00fcr Menschen mit starkem Handicap oder hohem Alter sind auch Hausbesuche ab 60 Minuten m\u00f6glich. Diese werden mit einem Zuschlag f\u00fcr besondere Aufwendungen und Benzinkosten berechnet. Informationen hierzu erhalten Sie auf Anfrage.<\/p>\n<h3>Klavierbegleitung<\/h3>\n<p>Eine Klavierbegleitung kann vermittelt werden und ist mit der jeweiligen PianistIn abzurechnen.<\/p>\n<h3>Vertrauen<\/h3>\n<ul>\n<li>Die besprochenen und behandelten Inhalte der Einzelstunden jeglicher Art werden vertraulich und achtsam behandelt. Weder Namen, Anschriften, noch Inhalte oder sonstige Daten werden nach au\u00dfen weitergegeben.<\/li>\n<li>In gesonderten F\u00e4llen wird das Einverst\u00e4ndnis der Klientin oder des Klienten zur Weitergabe pers\u00f6nlich erfragt. Erst nach schriftlicher Erlaubnis der KlientIn zur Weitergabe, z.B. einer Anschrift oder spezieller Inhalte, werden diese dann an die der KlientIn bekannt gegebene Adresse weitergeleitet. Oder es wird zur selbst\u00e4ndigen Kontaktaufnahme durch die KlientIn zur fragenden Adresse angeregt.\u00a0 Die KlientIn bespricht mit mir, ob eine Erlaubnis per E-Mail ausreicht oder eine Papierform zu bevorzugen ist.<\/li>\n<\/ul>\n<h3>Rechtlicher Hintergrund<\/h3>\n<ul>\n<li>Der Einzelunterricht in Feldenkrais &#8222;Funktionaler Integration&#8220;, in Supervision, Coaching und in &#8222;angewandter Stimm- und Musikerphysiologie&#8220; hat positive gesundheitliche und umfassende Auswirkungen f\u00fcr die gesamte Entwicklung aller Seinsbereiche. Aus gesundheitsrechtlicher Sicht ersetzt er aber nicht Ihren pers\u00f6nlichen Kontakt zu Ihrer Haus- oder Fach\u00e4rztIn oder PsychotherapeutIn.<\/li>\n<li>In rechtlicher Hinsicht sind diese Methoden in Deutschland als Lernmethoden den Bereichen &#8222;Lehren, Coaching und Musikunterricht&#8220; zugeordnet.<\/li>\n<li>&#8222;Lehrend T\u00e4tige&#8220; d\u00fcrfen Resonanzen ihrer KlientInnen zu erlebten Kursen und Einzelstunden, nach Absprache mit denselben, auf ihrer Hompage oder auf Flyern ver\u00f6ffentlichen. Dies geschieht bei diesem Institut nur nach ausdr\u00fccklicher Erlaubnis der KlientIn.<\/li>\n<li>Namen werden dabei nach Wunsch ver\u00e4ndert, verk\u00fcrzt oder anonym gehandhabt. Die Klientin kann jederzeit eine \u00c4nderung oder Herausnahme ihrer Resonanzen aus der Internetseite erwirken.<\/li>\n<\/ul>","protected":false},"excerpt":{"rendered":"<p>Anmeldung und Terminvereinbarung f\u00fcr Einzelstunden Termine f\u00fcr Einzelunterricht und Supervision werden pers\u00f6nlich per Telefon oder Email vereinbart. Sp\u00e4testens beim ersten Termin f\u00fcllen Sie einmalig eine schriftliche Anmeldung aus. Ihre Daten werden selbstverst\u00e4ndlich vertraulich behandelt. Gesch\u00e4ftsbedingungen Die Geb\u00fchr f\u00fcr Einzelunterricht wird direkt nach dem Unterricht entrichtet. Sie erhalten einen schriftlichen Zahlungsbeleg. F\u00fcr die Gesamtrechnung entsprechend Ihres [&hellip;]<\/p>\n","protected":false},"author":2,"featured_media":0,"parent":22,"menu_order":0,"comment_status":"closed","ping_status":"closed","template":"","meta":{"footnotes":""},"class_list":["post-1240","page","type-page","status-publish","hentry"],"wps_subtitle":"Allgemeine Gesch\u00e4ftsbedingungen f\u00fcr Einzelunterricht ","_links":{"self":[{"href":"https:\/\/www.gisela-weigand.de\/index.php\/wp-json\/wp\/v2\/pages\/1240","targetHints":{"allow":["GET"]}}],"collection":[{"href":"https:\/\/www.gisela-weigand.de\/index.php\/wp-json\/wp\/v2\/pages"}],"about":[{"href":"https:\/\/www.gisela-weigand.de\/index.php\/wp-json\/wp\/v2\/types\/page"}],"author":[{"embeddable":true,"href":"https:\/\/www.gisela-weigand.de\/index.php\/wp-json\/wp\/v2\/users\/2"}],"replies":[{"embeddable":true,"href":"https:\/\/www.gisela-weigand.de\/index.php\/wp-json\/wp\/v2\/comments?post=1240"}],"version-history":[{"count":108,"href":"https:\/\/www.gisela-weigand.de\/index.php\/wp-json\/wp\/v2\/pages\/1240\/revisions"}],"predecessor-version":[{"id":9429,"href":"https:\/\/www.gisela-weigand.de\/index.php\/wp-json\/wp\/v2\/pages\/1240\/revisions\/9429"}],"up":[{"embeddable":true,"href":"https:\/\/www.gisela-weigand.de\/index.php\/wp-json\/wp\/v2\/pages\/22"}],"wp:attachment":[{"href":"https:\/\/www.gisela-weigand.de\/index.php\/wp-json\/wp\/v2\/media?parent=1240"}],"curies":[{"name":"wp","href":"https:\/\/api.w.org\/{rel}","templated":true}]}}