{"id":120,"date":"2011-05-24T15:29:21","date_gmt":"2011-05-24T13:29:21","guid":{"rendered":"http:\/\/wp10473852.wp223.webpack.hosteurope.de\/index.php\/"},"modified":"2017-01-29T11:53:41","modified_gmt":"2017-01-29T10:53:41","slug":"personliches","status":"publish","type":"page","link":"https:\/\/www.gisela-weigand.de\/index.php\/zur-person\/personliches\/","title":{"rendered":"Pers\u00f6nliches"},"content":{"rendered":"<p>&#8230; habe ich die Idee, dass sich wichtige Informationen f\u00fcr den eigenen Lebensweg h\u00e4ufig unaufgefordert und manchmal mit leicht chaotischem Gehabe bei einem einfinden. Und ich habe erfahren, dass sie einem zu dem jeweiligen Zeitpunkt als solche nicht immer bewusst, lieb und angenehm sind oder gar sein m\u00fcssen.<\/p>\n<p><img loading=\"lazy\" decoding=\"async\" title=\"Pers\u00f6nliche Kreuzungen bringen Gehirnklarheiten\" src=\"https:\/\/www.gisela-weigand.de\/wp-content\/uploads\/2011\/05\/haendekreuzfuesse.jpg\" alt=\"\" width=\"420\" height=\"190\" \/>Ein Gelingen kann gleicherma\u00dfen auf dem direkten Weg auftauchen, wie auch \u00fcber Umwege, Irrwege und Hintert\u00fcrchen sich als vermeintlich roter Faden durchs Leben schl\u00e4ngeln. Je facettenreicher und intensiver die Erlebniskurven sind, desto verwirrter und desto weiser kann man gleicherma\u00dfen hinterher daraus hervorgehen.<\/p>\n<p>Die Frage ist letztendlich, wie ich die einzelne Information bewerte, umwandle und in mein Leben einbaue. Oder sollte ich sie nicht besser \u00fcber Bord werfen, weil sie f\u00fcr mich einfach nichts taugt?! Die Freiheit zu w\u00e4hlen liegt letztendlich bei mir. Doch auch diese muss ich m\u00f6glicherweise erst (wieder)entdecken.<\/p>\n<h3>Einige B\u00fccher die mich ber\u00fchren oder erheitern<\/h3>\n<ul>\n<li>Als ich ein kleiner Junge war | Erich K\u00e4stner<\/li>\n<li>Vor Freude Tanzen, vor Jammer halb in St\u00fccke gehen | Pionierinnnen der K\u00f6rpertherapie von Hadassa K. Moscovici<\/li>\n<li>Der kleine Prinz | Antoine de Saint-Exup\u00e9ry<\/li>\n<li>Die Lehre der Sainte-Victoire | Peter Handke<\/li>\n<li>Wie ein Vogel im Aquarium | Daniel Goeudevert<\/li>\n<li>Oscar und die Dame in Rosa | Eric-Emmanuel Schmitt<\/li>\n<li>Die Bibel nach Biff | Christopher Moore<\/li>\n<li>Heilweise | Susun S. Weed<\/li>\n<li>Stein und Fl\u00f6te | Hans Bemman<\/li>\n<li>Emp\u00f6rt Euch! | St\u00e9phane Hessel<\/li>\n<li>Wovon ich rede, wenn ich vom Laufen rede | Haruki Murakami<\/li>\n<li>Die Erfindung des Lebens | Hanns-Josef Ortheil<\/li>\n<\/ul>\n<p>Vielleicht komme ich dann letztlich da an, wohin ich schon immer wollte oder eher dahin, wovon ich noch gar nicht wusste, dass ich es schon immer wollte &#8230; M\u00f6glicherweise ist es dann auch gar nicht mehr wichtig anzukommen, da ich unendlich viel unterwegs erlebe, empfange und bewege!<\/p>","protected":false},"excerpt":{"rendered":"<p>&#8230; habe ich die Idee, dass sich wichtige Informationen f\u00fcr den eigenen Lebensweg h\u00e4ufig unaufgefordert und manchmal mit leicht chaotischem Gehabe bei einem einfinden. Und ich habe erfahren, dass sie einem zu dem jeweiligen Zeitpunkt als solche nicht immer bewusst, lieb und angenehm sind oder gar sein m\u00fcssen. Ein Gelingen kann gleicherma\u00dfen auf dem direkten [&hellip;]<\/p>\n","protected":false},"author":2,"featured_media":0,"parent":14,"menu_order":0,"comment_status":"closed","ping_status":"closed","template":"","meta":{"footnotes":""},"class_list":["post-120","page","type-page","status-publish","hentry"],"wps_subtitle":"Heute, hier und jetzt ...","_links":{"self":[{"href":"https:\/\/www.gisela-weigand.de\/index.php\/wp-json\/wp\/v2\/pages\/120","targetHints":{"allow":["GET"]}}],"collection":[{"href":"https:\/\/www.gisela-weigand.de\/index.php\/wp-json\/wp\/v2\/pages"}],"about":[{"href":"https:\/\/www.gisela-weigand.de\/index.php\/wp-json\/wp\/v2\/types\/page"}],"author":[{"embeddable":true,"href":"https:\/\/www.gisela-weigand.de\/index.php\/wp-json\/wp\/v2\/users\/2"}],"replies":[{"embeddable":true,"href":"https:\/\/www.gisela-weigand.de\/index.php\/wp-json\/wp\/v2\/comments?post=120"}],"version-history":[{"count":23,"href":"https:\/\/www.gisela-weigand.de\/index.php\/wp-json\/wp\/v2\/pages\/120\/revisions"}],"predecessor-version":[{"id":6214,"href":"https:\/\/www.gisela-weigand.de\/index.php\/wp-json\/wp\/v2\/pages\/120\/revisions\/6214"}],"up":[{"embeddable":true,"href":"https:\/\/www.gisela-weigand.de\/index.php\/wp-json\/wp\/v2\/pages\/14"}],"wp:attachment":[{"href":"https:\/\/www.gisela-weigand.de\/index.php\/wp-json\/wp\/v2\/media?parent=120"}],"curies":[{"name":"wp","href":"https:\/\/api.w.org\/{rel}","templated":true}]}}