{"id":118,"date":"2011-05-24T15:27:35","date_gmt":"2011-05-24T13:27:35","guid":{"rendered":"http:\/\/wp10473852.wp223.webpack.hosteurope.de\/index.php\/"},"modified":"2026-02-17T19:26:01","modified_gmt":"2026-02-17T18:26:01","slug":"inspirationen","status":"publish","type":"page","link":"https:\/\/www.gisela-weigand.de\/index.php\/zur-person\/inspirationen\/","title":{"rendered":"Inspirationen"},"content":{"rendered":"<p>In meinen Entwicklungserkundungen bin ich im Laufe der Jahre zunehmend mehr vom Au\u00dfen ins Innen, ins Feinsp\u00fcren und Minimalistische gekommen. So ist meine Begegnung mit der Feldenkrais-Methode eine logische Konsequenz und bietet mir seit 45 Jahren ein umfassendes Experimentierfeld in Bez\u00fcgen mit Psyche, Seele, Stimme, K\u00f6rper, Instrument, Bewegung, Ausstrahlung, Spiritualit\u00e4t, P\u00e4dagogik und Gesundheit.<\/p>\n<p><img loading=\"lazy\" decoding=\"async\" class=\"alignnone size-full wp-image-3436\" title=\"Feinsp\u00fcren nach Innen\" src=\"https:\/\/www.gisela-weigand.de\/wp-content\/uploads\/2011\/05\/giselaeingerollt.jpg\" alt=\"Gisela eingerollt, Ellenbogen und Knie begegnen sich\" width=\"420\" height=\"190\" srcset=\"https:\/\/www.gisela-weigand.de\/wp-content\/uploads\/2011\/05\/giselaeingerollt.jpg 420w, https:\/\/www.gisela-weigand.de\/wp-content\/uploads\/2011\/05\/giselaeingerollt-300x135.jpg 300w\" sizes=\"auto, (max-width: 420px) 100vw, 420px\" \/>Sie erhellt mir den Zugang zu meiner Intuition und hilft mir, meine Kr\u00e4fte ma\u00dfvoll und intelligent einzusetzen. Nebenbei bef\u00e4higt sie mich, eine Armverletzung leichter zu integrieren und kreativ umzuwandeln.<\/p>\n<p>Au\u00dferdem begeistern mich immer wieder die Anregungen zum Umgang mit dem Ph\u00e4nomen Hochsensiblit\u00e4t und Hochbegabung durch Andrea Brackmann und die Impulse durch die klangorientierte Stimmp\u00e4dagogik von Gisela Rohmert. Bei einigen Italienaufenthalten hat mich der S\u00e4nger Angelo Bertacchi zum spontanen Singen mit befreitem Kopf inspiriert.<\/p>\n<h3>Einige Impulse und Methoden im \u00dcberblick<\/h3>\n<ul>\n<li>Feldenkrais u.a. bei Paul Newton, Steven Rosenholz, Myriam Pfeffer<\/li>\n<li>Angewandte Stimmphysiologie von Gisela Rohmert<\/li>\n<li>F\u00f6rderung Hochsensibler und Hochbegabter bei Andrea Brackmann<\/li>\n<li>Gesang u.a. bei Celina Lindsley, Angelo Bertacchi<\/li>\n<li>Violinstudium u.a. bei Susanne Rabenschlag<\/li>\n<li>Musikerdispokinesis f\u00fcr Instrument und Stimme bei G.O. van de Klashorst, Monika Fuhrmann<\/li>\n<li>Ausdrucksformen und p\u00e4dagogische Konzepte von Heinrich Jacoby<\/li>\n<li>Intensive Fortbildung in alternativen Heilmethoden, sowie in tiefenpsychologischen und systemischen Ans\u00e4tzen<\/li>\n<li>Langj\u00e4hriges Praktizieren in Chi Gong, Tai Chi, Kung Fu, Butoh-Tanz u.a. bei Lo Tor, Sabine Seume<\/li>\n<li>Spuren aus Schauspieltechnik, Figurenarbeit, physischer Ansatz der franco-romanischen Theatertradition mit Sylvie Ebelt<\/li>\n<li>Jin Sin Juytsu (japanisches Heilstr\u00f6men) von Mary Burmeister, ewige Verbundenheit mit der universellen Energie &#8211; intensives ber\u00fchrendes Praktizieren seit 10 Jahren<\/li>\n<li>Fortw\u00e4hrende Entwicklung eines intuitiven K\u00f6rper-Klangtheaters und einer inspirierenden Kommunikationsweise<\/li>\n<li>Entwicklung eines umfassenden und tiefschichtigen Coachings, u. a. auf sensorischer, organischer energetischer und hypno-systemischer Basis<\/li>\n<\/ul>","protected":false},"excerpt":{"rendered":"<p>In meinen Entwicklungserkundungen bin ich im Laufe der Jahre zunehmend mehr vom Au\u00dfen ins Innen, ins Feinsp\u00fcren und Minimalistische gekommen. So ist meine Begegnung mit der Feldenkrais-Methode eine logische Konsequenz und bietet mir seit 45 Jahren ein umfassendes Experimentierfeld in Bez\u00fcgen mit Psyche, Seele, Stimme, K\u00f6rper, Instrument, Bewegung, Ausstrahlung, Spiritualit\u00e4t, P\u00e4dagogik und Gesundheit. Sie erhellt [&hellip;]<\/p>\n","protected":false},"author":2,"featured_media":0,"parent":14,"menu_order":0,"comment_status":"closed","ping_status":"closed","template":"","meta":{"footnotes":""},"class_list":["post-118","page","type-page","status-publish","hentry"],"wps_subtitle":"Inspirationen","_links":{"self":[{"href":"https:\/\/www.gisela-weigand.de\/index.php\/wp-json\/wp\/v2\/pages\/118","targetHints":{"allow":["GET"]}}],"collection":[{"href":"https:\/\/www.gisela-weigand.de\/index.php\/wp-json\/wp\/v2\/pages"}],"about":[{"href":"https:\/\/www.gisela-weigand.de\/index.php\/wp-json\/wp\/v2\/types\/page"}],"author":[{"embeddable":true,"href":"https:\/\/www.gisela-weigand.de\/index.php\/wp-json\/wp\/v2\/users\/2"}],"replies":[{"embeddable":true,"href":"https:\/\/www.gisela-weigand.de\/index.php\/wp-json\/wp\/v2\/comments?post=118"}],"version-history":[{"count":64,"href":"https:\/\/www.gisela-weigand.de\/index.php\/wp-json\/wp\/v2\/pages\/118\/revisions"}],"predecessor-version":[{"id":9439,"href":"https:\/\/www.gisela-weigand.de\/index.php\/wp-json\/wp\/v2\/pages\/118\/revisions\/9439"}],"up":[{"embeddable":true,"href":"https:\/\/www.gisela-weigand.de\/index.php\/wp-json\/wp\/v2\/pages\/14"}],"wp:attachment":[{"href":"https:\/\/www.gisela-weigand.de\/index.php\/wp-json\/wp\/v2\/media?parent=118"}],"curies":[{"name":"wp","href":"https:\/\/api.w.org\/{rel}","templated":true}]}}