{"id":111,"date":"2011-05-24T15:21:42","date_gmt":"2011-05-24T13:21:42","guid":{"rendered":"http:\/\/wp10473852.wp223.webpack.hosteurope.de\/index.php\/"},"modified":"2017-01-29T11:50:08","modified_gmt":"2017-01-29T10:50:08","slug":"vita","status":"publish","type":"page","link":"https:\/\/www.gisela-weigand.de\/index.php\/zur-person\/vita\/","title":{"rendered":"Vita"},"content":{"rendered":"<p>Schon seit fr\u00fchester Kindheit habe ich meine Bewegungs- und Pr\u00e4sentationsfreude im Singen, Geigen, Turnen und selbst erfundenen Theaterst\u00fccken gestaltet. Nebenbei habe ich mich schon immer f\u00fcr andere Menschen eingesetzt. Zunehmend w\u00e4chst dabei mein Interesse an Psychologie, Kommunikation, Kunst im weitesten Sinne, Gesundheit und ganzheitlicher Entwicklung. Als Musikerin und P\u00e4dagogin bin ich von Natur aus neugierig und folge dem stetigen Wunsch nach Optimierung, Leichtigkeit und Wandlung.<\/p>\n<p><img loading=\"lazy\" decoding=\"async\" class=\"alignnone size-full wp-image-3451\" title=\"Lebenswege\" src=\"https:\/\/www.gisela-weigand.de\/wp-content\/uploads\/2011\/05\/Schatten.jpg\" alt=\"\" width=\"420\" height=\"190\" srcset=\"https:\/\/www.gisela-weigand.de\/wp-content\/uploads\/2011\/05\/Schatten.jpg 420w, https:\/\/www.gisela-weigand.de\/wp-content\/uploads\/2011\/05\/Schatten-300x135.jpg 300w\" sizes=\"auto, (max-width: 420px) 100vw, 420px\" \/>Ich neige zu spontan assoziativem Querdenken, bin kreativ rebellisch und Nonkonformistin. Dies erm\u00f6glicht mir Zusammenh\u00e4nge schnell erkennen und hinterfragen zu k\u00f6nnen. In meiner Arbeitsweise sensibilisiert es mich f\u00fcr die individuellen Empfindlichkeiten der Einzelnen, auf die ich mich wach einlasse.<\/p>\n<p>Au\u00dferdem erfreue ich mich einer aus tiefster Tiefe auftauchenden Eloquenz und Leistungsf\u00e4higkeit, die mich mit Leichtigkeit improvisieren, tatkr\u00e4ftig werden und auf andere zugehen lassen. Mit sonnigem Gem\u00fct hege ich Anspruch auf Freiraum f\u00fcr unverbildet jungfr\u00e4ulich staunende, die Welt immer wieder neu erschaffende Sinne.<\/p>\n<p>Auf meinem Lebensweg haben sich zunehmend k\u00fcnstlerische, p\u00e4dagogische, heilende und forschende Elemente miteinander verwoben und kommen nun abwechselnd oder im sich n\u00e4hrenden Verbund zum tragen.<\/p>\n<h3>Hier einige Meilensteine<\/h3>\n<ul>\n<li>Ausbildung zur zertifizierten Feldenkraisp\u00e4dagogin in Hamm<\/li>\n<li>Violinstudium zur Diplom Orchestermusikerin und Diplom Instrumentalp\u00e4dagogin in K\u00f6ln<\/li>\n<li>Gesangs- und Stimmphysiologische Ausbildung als lyrischer Sopran u.a. in D\u00fcsseldorf, Modena, Lichtenberg<\/li>\n<li>Studium in Kunstgeschichte und Romanistik in K\u00f6ln<\/li>\n<\/ul>\n<ul>\n<li>Langj\u00e4hriges Wirken als Geigerin in verschiedenen Orchestern, Ensembles, Kammermusik<\/li>\n<li>als S\u00e4ngerin unterwegs in den Bereichen Lied, zeitgen\u00f6ssische Musik, experimentelles K\u00f6rper- und Musiktheater<\/li>\n<li>seit 2005 individuelle Begleitung in der Heilentwicklung und Gesundheitsvorsorge<\/li>\n<li>2006 Gr\u00fcndung des Studios f\u00fcr Feldenkrais &amp; Stimme<\/li>\n<li>bis 2007 Lehrauftrag f\u00fcr Violine an der Rheinischen Musikschule K\u00f6ln<\/li>\n<li>seit 2008 Referentin f\u00fcr Auftrittspr\u00e4senz, Stimmentwicklung, angewandte Musikerphysiologie und organisches Lernen<\/li>\n<li>seit 2010 T\u00e4tigkeit als Coach, sensorisch, hypno-systemisch und organisch arbeitend, berufsbezogen und privat f\u00fcr unterschiedlichste menschliche Anliegen<\/li>\n<\/ul>","protected":false},"excerpt":{"rendered":"<p>Schon seit fr\u00fchester Kindheit habe ich meine Bewegungs- und Pr\u00e4sentationsfreude im Singen, Geigen, Turnen und selbst erfundenen Theaterst\u00fccken gestaltet. Nebenbei habe ich mich schon immer f\u00fcr andere Menschen eingesetzt. Zunehmend w\u00e4chst dabei mein Interesse an Psychologie, Kommunikation, Kunst im weitesten Sinne, Gesundheit und ganzheitlicher Entwicklung. Als Musikerin und P\u00e4dagogin bin ich von Natur aus neugierig [&hellip;]<\/p>\n","protected":false},"author":2,"featured_media":0,"parent":14,"menu_order":0,"comment_status":"closed","ping_status":"closed","template":"","meta":{"footnotes":""},"class_list":["post-111","page","type-page","status-publish","hentry"],"wps_subtitle":"\u00dcber mich","_links":{"self":[{"href":"https:\/\/www.gisela-weigand.de\/index.php\/wp-json\/wp\/v2\/pages\/111","targetHints":{"allow":["GET"]}}],"collection":[{"href":"https:\/\/www.gisela-weigand.de\/index.php\/wp-json\/wp\/v2\/pages"}],"about":[{"href":"https:\/\/www.gisela-weigand.de\/index.php\/wp-json\/wp\/v2\/types\/page"}],"author":[{"embeddable":true,"href":"https:\/\/www.gisela-weigand.de\/index.php\/wp-json\/wp\/v2\/users\/2"}],"replies":[{"embeddable":true,"href":"https:\/\/www.gisela-weigand.de\/index.php\/wp-json\/wp\/v2\/comments?post=111"}],"version-history":[{"count":77,"href":"https:\/\/www.gisela-weigand.de\/index.php\/wp-json\/wp\/v2\/pages\/111\/revisions"}],"predecessor-version":[{"id":6212,"href":"https:\/\/www.gisela-weigand.de\/index.php\/wp-json\/wp\/v2\/pages\/111\/revisions\/6212"}],"up":[{"embeddable":true,"href":"https:\/\/www.gisela-weigand.de\/index.php\/wp-json\/wp\/v2\/pages\/14"}],"wp:attachment":[{"href":"https:\/\/www.gisela-weigand.de\/index.php\/wp-json\/wp\/v2\/media?parent=111"}],"curies":[{"name":"wp","href":"https:\/\/api.w.org\/{rel}","templated":true}]}}